{"id":11360,"date":"2016-12-28T16:21:09","date_gmt":"2016-12-28T16:21:09","guid":{"rendered":"http:\/\/www.hcb.net\/?page_id=11360\/"},"modified":"2017-12-20T10:17:16","modified_gmt":"2017-12-20T09:17:16","slug":"corsi-di-pattinaggio","status":"publish","type":"page","link":"https:\/\/www.hcb.net\/de\/hcb-junior\/corsi-di-pattinaggio\/","title":{"rendered":"Eislaufkurse"},"content":{"rendered":"<p>Eishockey gilt als die schnellste Mannschaftssportart \u00fcberhaupt und begeistert immer wieder aufs Neue. \u00dcber 100 Jugendliche im Alter zwischen 5 und 20 Jahren nehmen an unserer T\u00e4tigkeit teil.<\/p>\n<p>Als Hockeyverein liegt uns die Entwicklung des eigenen Jugendsektors sehr am Herzen. Aus diesem Grunde organisiert der HC Bozen j\u00e4hrlich verschiedene Eislaufkurse, an denen die Grundtechnik des Eislaufens beigebracht wird.<\/p>\n<p>Falls Du Eislaufen m\u00f6chtest oder gar Eishockey spielen, ist der HC Bozen die richtige Adresse! Hier findest Du neue Freunde, die ebenfalls diese Sportart lernen wollen!<\/p>\n<p>Interessiert? Maile uns: <span id=\"cloaka8f325f7d0a591aacd27084908a80308\"><a href=\"mailto:office@hcb-junior.it\">office@hcb-junior.it<\/a><\/span><\/p>\n<div id='gallery-1' class='gallery galleryid-11360 gallery-columns-3 gallery-size-thumbnail'><figure class='gallery-item'>\n\t\t\t<div class='gallery-icon landscape'>\n\t\t\t\t<a href='https:\/\/www.hcb.net\/a9243ee7cdcd4f3a\/11133\/c\/fit-in\/0x0\/filters:no_upscale()\/filters:strip_exif()\/dsc_0010_1205x800.jpg'><img loading=\"lazy\" decoding=\"async\" width=\"480\" height=\"320\" src=\"https:\/\/www.hcb.net\/a9243ee7cdcd4f3a\/11133\/c\/480x320\/filters:no_upscale()\/filters:strip_exif()\/dsc_0010_1205x800.jpg\" class=\"attachment-thumbnail size-thumbnail\" alt=\"\" data-copyright=\"\" data-headline=\"DSC_0010_1205x800\" data-description=\"\" \/><\/a>\n\t\t\t<\/div><\/figure><figure class='gallery-item'>\n\t\t\t<div class='gallery-icon landscape'>\n\t\t\t\t<a href='https:\/\/www.hcb.net\/a9243ee7cdcd4f3a\/11137\/c\/fit-in\/0x0\/filters:no_upscale()\/filters:strip_exif()\/dsc_0234_1205x800.jpg'><img loading=\"lazy\" decoding=\"async\" width=\"480\" height=\"320\" src=\"https:\/\/www.hcb.net\/a9243ee7cdcd4f3a\/11137\/c\/480x320\/filters:no_upscale()\/filters:strip_exif()\/dsc_0234_1205x800.jpg\" class=\"attachment-thumbnail size-thumbnail\" alt=\"\" data-copyright=\"\" data-headline=\"DSC_0234_1205x800\" data-description=\"\" \/><\/a>\n\t\t\t<\/div><\/figure><figure class='gallery-item'>\n\t\t\t<div class='gallery-icon landscape'>\n\t\t\t\t<a href='https:\/\/www.hcb.net\/a9243ee7cdcd4f3a\/11135\/c\/fit-in\/0x0\/filters:no_upscale()\/filters:strip_exif()\/dsc_0229_1205x800.jpg'><img loading=\"lazy\" decoding=\"async\" width=\"480\" height=\"320\" src=\"https:\/\/www.hcb.net\/a9243ee7cdcd4f3a\/11135\/c\/480x320\/filters:no_upscale()\/filters:strip_exif()\/dsc_0229_1205x800.jpg\" class=\"attachment-thumbnail size-thumbnail\" alt=\"\" data-copyright=\"\" data-headline=\"DSC_0229_1205x800\" data-description=\"\" \/><\/a>\n\t\t\t<\/div><\/figure><figure class='gallery-item'>\n\t\t\t<div class='gallery-icon landscape'>\n\t\t\t\t<a href='https:\/\/www.hcb.net\/a9243ee7cdcd4f3a\/11139\/c\/fit-in\/0x0\/filters:no_upscale()\/filters:strip_exif()\/dsc_0243_1205x800.jpg'><img loading=\"lazy\" decoding=\"async\" width=\"480\" height=\"320\" src=\"https:\/\/www.hcb.net\/a9243ee7cdcd4f3a\/11139\/c\/480x320\/filters:no_upscale()\/filters:strip_exif()\/dsc_0243_1205x800.jpg\" class=\"attachment-thumbnail size-thumbnail\" alt=\"\" data-copyright=\"\" data-headline=\"DSC_0243_1205x800\" data-description=\"\" \/><\/a>\n\t\t\t<\/div><\/figure>\n\t\t<\/div>\n\n","protected":false},"excerpt":{"rendered":"<p>Eishockey gilt als die schnellste Mannschaftssportart \u00fcberhaupt und begeistert immer wieder aufs Neue. \u00dcber 100 Jugendliche im Alter zwischen 5 und 20 Jahren nehmen an unserer T\u00e4tigkeit teil. Als Hockeyverein liegt uns die Entwicklung des eigenen Jugendsektors sehr am Herzen. Aus diesem Grunde organisiert der HC Bozen j\u00e4hrlich verschiedene Eislaufkurse, an denen die Grundtechnik des [&hellip;]<\/p>\n","protected":false},"author":1,"featured_media":0,"parent":11295,"menu_order":0,"comment_status":"closed","ping_status":"closed","template":"","meta":{"_acf_changed":false,"footnotes":""},"class_list":["post-11360","page","type-page","status-publish","hentry"],"acf":[],"_links":{"self":[{"href":"https:\/\/www.hcb.net\/de\/wp-json\/wp\/v2\/pages\/11360","targetHints":{"allow":["GET"]}}],"collection":[{"href":"https:\/\/www.hcb.net\/de\/wp-json\/wp\/v2\/pages"}],"about":[{"href":"https:\/\/www.hcb.net\/de\/wp-json\/wp\/v2\/types\/page"}],"author":[{"embeddable":true,"href":"https:\/\/www.hcb.net\/de\/wp-json\/wp\/v2\/users\/1"}],"replies":[{"embeddable":true,"href":"https:\/\/www.hcb.net\/de\/wp-json\/wp\/v2\/comments?post=11360"}],"version-history":[{"count":5,"href":"https:\/\/www.hcb.net\/de\/wp-json\/wp\/v2\/pages\/11360\/revisions"}],"predecessor-version":[{"id":17878,"href":"https:\/\/www.hcb.net\/de\/wp-json\/wp\/v2\/pages\/11360\/revisions\/17878"}],"up":[{"embeddable":true,"href":"https:\/\/www.hcb.net\/de\/wp-json\/wp\/v2\/pages\/11295"}],"wp:attachment":[{"href":"https:\/\/www.hcb.net\/de\/wp-json\/wp\/v2\/media?parent=11360"}],"curies":[{"name":"wp","href":"https:\/\/api.w.org\/{rel}","templated":true}]}}