{"id":11376,"date":"2016-12-28T16:25:10","date_gmt":"2016-12-28T16:25:10","guid":{"rendered":"http:\/\/www.hcb.net\/?page_id=11376\/"},"modified":"2024-06-12T08:37:47","modified_gmt":"2024-06-12T07:37:47","slug":"unser-stadion-die-bozner-eiswelle","status":"publish","type":"page","link":"https:\/\/www.hcb.net\/de\/verein\/unser-stadion-die-bozner-eiswelle\/","title":{"rendered":"Unser Stadion: Die Sparkasse Arena"},"content":{"rendered":"<p>Der HC Bozen tr\u00e4gt seine Heimspiele in der Sparkasse Arena aus. Sie wurde anl\u00e4sslich der Eishockey-A-WM in Italien 1994 errichtet und z\u00e4hlt sicherlich zu den modernsten und funktionalsten Eisstadien im gesamten Alpenraum. Sind alle Sektoren im Stadion ge\u00f6ffnet, hat die Sparkasse Areena ein Fassungsverm\u00f6gen von 6.853 Sitpl\u00e4tzen.<\/p>\n<p><strong>Die Adresse:<\/strong><br \/>\nSparkasse Arena<br \/>\nGalvanistra\u00dfe 34<br \/>\n39100 Bozen<\/p>\n<p>Mehr Infos zur Sparkasse Arena auf der <a href=\"https:\/\/www.seab.bz.it\/de\/privathaushalte\/die-bozner-eiswelle\" target=\"_blank\" rel=\"noopener\">Website der SEAB<\/a><\/p>\n<p>&nbsp;<\/p>\n<p><img loading=\"lazy\" decoding=\"async\" class=\"wp-image-233 aligncenter\" src=\"https:\/\/www.hcb.net\/a9243ee7cdcd4f3a\/233\/c\/480x320\/filters:no_upscale()\/filters:strip_exif()\/stadio-settori.jpg\" alt=\"\" width=\"683\" height=\"455\" data-headline=\"stadio-settori\" \/><\/p>\n","protected":false},"excerpt":{"rendered":"<p>Der HC Bozen tr\u00e4gt seine Heimspiele in der Sparkasse Arena aus. Sie wurde anl\u00e4sslich der Eishockey-A-WM in Italien 1994 errichtet und z\u00e4hlt sicherlich zu den modernsten und funktionalsten Eisstadien im gesamten Alpenraum. Sind alle Sektoren im Stadion ge\u00f6ffnet, hat die Sparkasse Areena ein Fassungsverm\u00f6gen von 6.853 Sitpl\u00e4tzen. Die Adresse: Sparkasse Arena Galvanistra\u00dfe 34 39100 Bozen [&hellip;]<\/p>\n","protected":false},"author":1,"featured_media":51144,"parent":11369,"menu_order":0,"comment_status":"closed","ping_status":"closed","template":"","meta":{"_acf_changed":false,"footnotes":""},"class_list":["post-11376","page","type-page","status-publish","has-post-thumbnail","hentry"],"acf":[],"_links":{"self":[{"href":"https:\/\/www.hcb.net\/de\/wp-json\/wp\/v2\/pages\/11376","targetHints":{"allow":["GET"]}}],"collection":[{"href":"https:\/\/www.hcb.net\/de\/wp-json\/wp\/v2\/pages"}],"about":[{"href":"https:\/\/www.hcb.net\/de\/wp-json\/wp\/v2\/types\/page"}],"author":[{"embeddable":true,"href":"https:\/\/www.hcb.net\/de\/wp-json\/wp\/v2\/users\/1"}],"replies":[{"embeddable":true,"href":"https:\/\/www.hcb.net\/de\/wp-json\/wp\/v2\/comments?post=11376"}],"version-history":[{"count":10,"href":"https:\/\/www.hcb.net\/de\/wp-json\/wp\/v2\/pages\/11376\/revisions"}],"predecessor-version":[{"id":606271,"href":"https:\/\/www.hcb.net\/de\/wp-json\/wp\/v2\/pages\/11376\/revisions\/606271"}],"up":[{"embeddable":true,"href":"https:\/\/www.hcb.net\/de\/wp-json\/wp\/v2\/pages\/11369"}],"wp:featuredmedia":[{"embeddable":true,"href":"https:\/\/www.hcb.net\/de\/wp-json\/wp\/v2\/media\/51144"}],"wp:attachment":[{"href":"https:\/\/www.hcb.net\/de\/wp-json\/wp\/v2\/media?parent=11376"}],"curies":[{"name":"wp","href":"https:\/\/api.w.org\/{rel}","templated":true}]}}