{"id":11403,"date":"2016-12-28T16:42:29","date_gmt":"2016-12-28T16:42:29","guid":{"rendered":"http:\/\/www.hcb.net\/?page_id=11403\/"},"modified":"2026-03-08T20:23:42","modified_gmt":"2026-03-08T19:23:42","slug":"eintrittspreise-abos","status":"publish","type":"page","link":"https:\/\/www.hcb.net\/de\/eintrittspreise-abos\/","title":{"rendered":"Eintrittspreise &amp; Abo&#8217;s HCB Saison 2025\/26"},"content":{"rendered":"<h2 style=\"text-align: center;\"><strong>Eintrittspreise &amp; ABO HCB S\u00fcdtirol Alperia Saison 2025\/26<\/strong><\/h2>\n<h2><span style=\"color: #ff0000;\">Playoffs Viertelfinale 2026<\/span><\/h2>\n<table width=\"354\">\n<tbody>\n<tr>\n<td width=\"253\"><strong>Sektor<\/strong><\/td>\n<td width=\"101\"><strong>\u00a0<\/strong><\/td>\n<\/tr>\n<tr>\n<td width=\"253\">A\/C lateral + G\/E voll<\/td>\n<td style=\"text-align: left;\" width=\"101\">36<\/td>\n<\/tr>\n<tr>\n<td width=\"253\">A\/C lateral + G\/E reduziert Senior 70+<\/td>\n<td width=\"101\">34<\/td>\n<\/tr>\n<tr>\n<td width=\"253\">A\/C lateral + G\/E Student (19-25)<\/td>\n<td width=\"101\">18<\/td>\n<\/tr>\n<tr>\n<td width=\"253\">A\/C lateral + G\/E Teenager (16-18)<\/td>\n<td width=\"101\">18<\/td>\n<\/tr>\n<tr>\n<td width=\"253\">A\/C lateral + G\/E KID (6-15)<\/td>\n<td width=\"101\">18<\/td>\n<\/tr>\n<tr>\n<td width=\"253\">D\/H + B\/F voll<\/td>\n<td width=\"101\">27<\/td>\n<\/tr>\n<tr>\n<td width=\"253\">D\/H + B\/F reduziert Senior 70+<\/td>\n<td width=\"101\">25<\/td>\n<\/tr>\n<tr>\n<td width=\"253\">D\/H +B\/F Student (19-25)<\/td>\n<td width=\"101\">14<\/td>\n<\/tr>\n<tr>\n<td width=\"253\">D\/H +B\/F Teenager (16-18)<\/td>\n<td width=\"101\">14<\/td>\n<\/tr>\n<tr>\n<td width=\"253\">D\/H +B\/F KID (6-15)<\/td>\n<td width=\"101\">14<\/td>\n<\/tr>\n<tr>\n<td width=\"253\">A Premium mit Parkplatz<\/td>\n<td width=\"101\">58<\/td>\n<\/tr>\n<tr>\n<td width=\"253\">C Premium<\/td>\n<td width=\"101\">48<\/td>\n<\/tr>\n<tr>\n<td width=\"253\">C Premium reduziert \u2013 Student (16-25) e Senior 70+<\/td>\n<td width=\"101\">46<\/td>\n<\/tr>\n<tr>\n<td width=\"253\">C Premium KID (6-15)<\/td>\n<td width=\"101\">24<\/td>\n<\/tr>\n<tr>\n<td width=\"253\">Kinder 0-5<\/td>\n<td width=\"101\">1<\/td>\n<\/tr>\n<tr>\n<td width=\"253\">Beeintr\u00e4chtigte<\/td>\n<td width=\"101\">1<\/td>\n<\/tr>\n<\/tbody>\n<\/table>\n<p>Spiel 1 \u2013 Dienstag, 10. M\u00e4rz, 19:45 (Sparkasse Arena, Bozen)<br \/>\nSpiel 2 \u2013 Donnerstag, 12. M\u00e4rz, 19:15 (Hala Tivoli, Ljubljana)<br \/>\nSpiel 3 \u2013 Samstag, 14. M\u00e4rz, 19:45 (Sparkasse Arena, Bozen)<br \/>\nSpiel 4 \u2013 Dienstag, 17. M\u00e4rz, 19:15 (Hala Tivoli, Ljubljana)<br \/>\n<em>falls erforderlich:<\/em><br \/>\nSpiel 5 \u2013 Donnerstag, 19. M\u00e4rz, 19:45 (Sparkasse Arena, Bozen)<br \/>\nSpiel 6 \u2013 Samstag, 21. M\u00e4rz, 19:15 (Hala Tivoli, Ljubljana)<br \/>\nSpiel 7 \u2013 Mittwoch, 25. M\u00e4rz, 19:45 (Sparkasse Arena, Bozen)<\/p>\n<p>&nbsp;<\/p>\n<p>Die Eintrittskarten f\u00fcr die Heimspiele werden wie folgt verkauft:<\/p>\n<p><strong>Spiel 1<\/strong><\/p>\n<ul>\n<li>Montag, 9. M\u00e4rz, ab 13:00 Uhr: Start des Online-Verkaufs (bis Spielbeginn)<\/li>\n<li>Montag, 9. M\u00e4rz: 16:00\u201318:00 Uhr (Stadionkassen)<\/li>\n<li>Dienstag, 10. M\u00e4rz: 13:00\u201314:30 Uhr und ab 17:45 Uhr (Stadionkassen)<\/li>\n<\/ul>\n<p><strong>Spiel 3<\/strong><\/p>\n<ul>\n<li>Mittwoch, 11. M\u00e4rz, ab 10:00 Uhr: Start des Online-Verkaufs (bis Spielbeginn)<\/li>\n<li>Freitag, 13. M\u00e4rz: 16:00\u201318:00 Uhr (Stadionkassen)<\/li>\n<li>Samstag, 14. M\u00e4rz: 13:00-14:30 Uhr und ab 17:45 Uhr (Stadionkassen)<\/li>\n<\/ul>\n<p><strong>Online-Ticketing:<\/strong> <a href=\"https:\/\/www.midaticket.it\/eventi\/hockey-club-bolzano\">https:\/\/www.midaticket.it\/eventi\/hockey-club-bolzano<\/a><\/p>\n<p>&nbsp;<\/p>\n<p><strong>Wichtige Informationen<br \/>\n<\/strong>Alle Playoff-Spiele sind im <strong>ABO FULL enthalten<\/strong>, daher ist kein zus\u00e4tzliches Ticket n\u00f6tig.<br \/>\nBesitzer eines <strong>ABO BASE<\/strong> haben ein Vorkaufsrecht auf ihren Platz bis 24 Stunden vor Spielbeginn und k\u00f6nnen ihr Ticket im Vorverkauf oder online kaufen, indem sie einfach den CODPR ihres Abos im entsprechenden Feld eingeben. F\u00fcr ABO-BASE-Inhaber gibt es keinen Rabatt auf den Ticketpreis.<\/p>\n<p>&nbsp;<\/p>\n<h2><span style=\"color: #ff0000;\"><strong>Tageskarten Regular Season ICE Hockey League 2025\/26<\/strong><\/span><\/h2>\n<table width=\"354\">\n<tbody>\n<tr>\n<td width=\"253\"><strong>Sektor<\/strong><\/td>\n<td width=\"101\"><strong>\u00a0<\/strong><\/td>\n<\/tr>\n<tr>\n<td width=\"253\">A\/C seitlich + G\/E voll<\/td>\n<td width=\"101\">\u00a027<\/td>\n<\/tr>\n<tr>\n<td width=\"253\">A\/C seitlich + G\/E erm\u00e4\u00dfigt Senior 70+<\/td>\n<td width=\"101\">25<\/td>\n<\/tr>\n<tr>\n<td width=\"253\">A\/C seitlich + G\/E Student (19-25)<\/td>\n<td width=\"101\">14<\/td>\n<\/tr>\n<tr>\n<td width=\"253\">A\/C seitlich + G\/E Teenager (16-18)<\/td>\n<td width=\"101\">14<\/td>\n<\/tr>\n<tr>\n<td width=\"253\">A\/C seitlich + G\/E KID (6-15)<\/td>\n<td width=\"101\">14<\/td>\n<\/tr>\n<tr>\n<td width=\"253\">D\/H + B\/F voll<\/td>\n<td width=\"101\">21<\/td>\n<\/tr>\n<tr>\n<td width=\"253\">D\/H + B\/F erm\u00e4\u00dfigt Senior 70+<\/td>\n<td width=\"101\">19<\/td>\n<\/tr>\n<tr>\n<td width=\"253\">D\/H +B\/F Student (19-25)<\/td>\n<td width=\"101\">12<\/td>\n<\/tr>\n<tr>\n<td width=\"253\">D\/H +B\/F Teenager (16-18)<\/td>\n<td width=\"101\">12<\/td>\n<\/tr>\n<tr>\n<td width=\"253\">D\/H +B\/F KID (6-15)<\/td>\n<td width=\"101\">12<\/td>\n<\/tr>\n<tr>\n<td width=\"253\">A Premium mit Parkplatz<\/td>\n<td width=\"101\">44<\/td>\n<\/tr>\n<tr>\n<td width=\"253\">C Premium<\/td>\n<td width=\"101\">37<\/td>\n<\/tr>\n<tr>\n<td width=\"253\">C Premium erm\u00e4\u00dfigt \u2013 Student (16-25) und Senior 70+<\/td>\n<td width=\"101\">35<\/td>\n<\/tr>\n<tr>\n<td width=\"253\">C Premium KID (6-15)<\/td>\n<td width=\"101\">19<\/td>\n<\/tr>\n<tr>\n<td width=\"253\">Kinder 0-5<\/td>\n<td width=\"101\">1<\/td>\n<\/tr>\n<tr>\n<td width=\"253\">Invaliden<\/td>\n<td width=\"101\">1<\/td>\n<\/tr>\n<\/tbody>\n<\/table>\n<p>Die Tageskarten k\u00f6nnen wie \u00fcblich bis vor Spielbeginn online erworben werden. Der Ausdruck der Eintrittskarte ist nicht obligatorisch: der Strichcode kann mittels Scanner auch vom Smartphone abgelesen werden.<\/p>\n<p>Die Tageskarten k\u00f6nnen am Spieltag an den Stadionkassen und am Vortag im B\u00fcro erworben werden: die \u00d6ffnungszeiten werden jeweils rechtzeitig bekanntgegeben.<\/p>\n<p><strong>\u00a0<\/strong><\/p>\n<h2><span style=\"color: #ff0000;\"><strong>Abonnements 2025\/26<\/strong><\/span><\/h2>\n<p><strong>ACHTUNG: das ABO kann bis am 30. Oktober 2025 unterzeichnet werden\u00a0\u00a0<\/strong><\/p>\n<table width=\"586\">\n<tbody>\n<tr>\n<td width=\"274\"><strong>Sektor<\/strong><\/td>\n<td width=\"55\"><strong>BASE<\/strong><\/td>\n<td width=\"108\"><strong>Rate<\/strong><\/td>\n<td width=\"60\"><strong>FULL<\/strong><\/td>\n<td width=\"89\"><strong>Rate<\/strong><\/td>\n<\/tr>\n<tr>\n<td width=\"274\">A\/C seitlich voll<\/td>\n<td width=\"55\"><strong>480<\/strong><\/td>\n<td width=\"108\">280+200<\/td>\n<td width=\"60\"><strong>624<\/strong><\/td>\n<td width=\"89\">360+264<\/td>\n<\/tr>\n<tr>\n<td width=\"274\">A\/C seitlich erm\u00e4\u00dfigt Senior 70+<\/td>\n<td width=\"55\"><strong>460<\/strong><\/td>\n<td width=\"108\">260+200<\/td>\n<td width=\"60\"><strong>600<\/strong><\/td>\n<td width=\"89\">350+250<\/td>\n<\/tr>\n<tr>\n<td width=\"274\">A\/C seitlich Student (19-25)<\/td>\n<td width=\"55\"><strong>240<\/strong><\/td>\n<td width=\"108\">140+100<\/td>\n<td width=\"60\"><strong>330<\/strong><\/td>\n<td width=\"89\">180+150<\/td>\n<\/tr>\n<tr>\n<td width=\"274\">A\/C seitlich Teenager (16-18)<\/td>\n<td width=\"55\"><strong>240<\/strong><\/td>\n<td width=\"108\">140+100<\/td>\n<td width=\"60\"><strong>330<\/strong><\/td>\n<td width=\"89\">180+150<\/td>\n<\/tr>\n<tr>\n<td width=\"274\">A\/C seitlich KID (6-15)<\/td>\n<td width=\"55\"><strong>240<\/strong><\/td>\n<td width=\"108\">140+100<\/td>\n<td width=\"60\"><strong>330<\/strong><\/td>\n<td width=\"89\">180+150<\/td>\n<\/tr>\n<tr>\n<td width=\"274\">D\/H voll<\/td>\n<td width=\"55\"><strong>380<\/strong><\/td>\n<td width=\"108\">230+150<\/td>\n<td width=\"60\"><strong>480<\/strong><\/td>\n<td width=\"89\">280+200<\/td>\n<\/tr>\n<tr>\n<td width=\"274\">D\/H erm\u00e4\u00dfigt Senior 70+<\/td>\n<td width=\"55\"><strong>360<\/strong><\/td>\n<td width=\"108\">240+120<\/td>\n<td width=\"60\"><strong>460<\/strong><\/td>\n<td width=\"89\">260+200<\/td>\n<\/tr>\n<tr>\n<td width=\"274\">D\/H Student (19-25)<\/td>\n<td width=\"55\"><strong>190<\/strong><\/td>\n<td width=\"108\">100+90<\/td>\n<td width=\"60\"><strong>240<\/strong><\/td>\n<td width=\"89\">140+100<\/td>\n<\/tr>\n<tr>\n<td width=\"274\">D\/H Teenager (16-18)<\/td>\n<td width=\"55\"><strong>190<\/strong><\/td>\n<td width=\"108\">100+90<\/td>\n<td width=\"60\"><strong>240<\/strong><\/td>\n<td width=\"89\">140+100<\/td>\n<\/tr>\n<tr>\n<td width=\"274\">D\/H KID (6-15)<\/td>\n<td width=\"55\"><strong>190<\/strong><\/td>\n<td width=\"108\">100+90<\/td>\n<td width=\"60\"><strong>240<\/strong><\/td>\n<td width=\"89\">140+100<\/td>\n<\/tr>\n<tr>\n<td width=\"274\">A Premium + Parkplatz<\/td>\n<td width=\"55\"><strong>920<\/strong><\/td>\n<td width=\"108\">550+370<\/td>\n<td width=\"60\"><strong>1190<\/strong><\/td>\n<td width=\"89\">700+490<\/td>\n<\/tr>\n<tr>\n<td width=\"274\">C Premium<\/td>\n<td width=\"55\"><strong>770<\/strong><\/td>\n<td width=\"108\">450+320<\/td>\n<td width=\"60\"><strong>990<\/strong><\/td>\n<td width=\"89\">550+440<\/td>\n<\/tr>\n<tr>\n<td width=\"274\">C Premium erm\u00e4\u00dfigt \u2013 Student (16-25) und Senior 70+<\/td>\n<td width=\"55\"><strong>750<\/strong><\/td>\n<td width=\"108\">400+350<\/td>\n<td width=\"60\"><strong>970<\/strong><\/td>\n<td width=\"89\">540+430<\/td>\n<\/tr>\n<tr>\n<td width=\"274\">C Premium KID (6-15)<\/td>\n<td width=\"55\"><strong>385<\/strong><\/td>\n<td width=\"108\">280+105<\/td>\n<td width=\"60\"><strong>450<\/strong><\/td>\n<td width=\"89\">250+200<\/td>\n<\/tr>\n<tr>\n<td width=\"274\">Kinder 0-5, Invaliden min. 75%<\/td>\n<td width=\"55\"><strong>\u00a0<\/strong><\/p>\n<p><strong>\u00a0<\/strong><\/td>\n<td width=\"108\"><\/td>\n<td width=\"60\"><strong>44<\/strong><\/td>\n<td width=\"89\"><em>\u00a0<\/em><\/td>\n<\/tr>\n<\/tbody>\n<\/table>\n<p>&nbsp;<\/p>\n<p><strong>Vorkaufsrecht f\u00fcr Abonnenten der Saison 2024\/25<\/strong><\/p>\n<p>Der Verkauf startet am Dienstag, 15. Juli 2025. Abonnenten der Vorsaison haben bis Freitag, 25. Juli ein Vorkaufsrecht auf ihren bisherigen Platz.<\/p>\n<p><strong>F\u00fcr FULL Abonnenten<\/strong> (welche den vollen Preis bezahlt haben) gibt es die M\u00f6glichkeit, ihren Platz online zu best\u00e4tigen und zu bezahlen, indem sie eine \u00dcberweisung an IBAN: <strong>IT 57 K 06045 11616 000 002 045 000<\/strong> t\u00e4tigen und das Online-Formular im Bereich \u201eBestellung Abonnement HCB 2025\/26\u201c ausf\u00fcllen. Die \u00dcberweisung muss sp\u00e4testens bis <strong>Mittwoch, 23. Juli um 12.00 Uhr<\/strong> erfolgen. Das Abo kann dann w\u00e4hrend den B\u00fcrozeiten abgeholt werden. <strong>Nach Absenden des Formulars erfolgt eine Best\u00e4tigung innerhalb eines Werktages.<\/strong><\/p>\n<p>&nbsp;<\/p>\n<p><strong>Anmerkungen:<\/strong><\/p>\n<ul>\n<li>Im ABO BASE sind folgende Heimspiele des HCB S\u00fcdtirol Alperia enthalten:<br \/>\ndie ICE Hockey League Regular Season 2025\/26, eventuelle Pre-Playoffs, die drei Spiele der Champions Hockey League Gruppenphase, vier Spiele des S\u00fcdtirol Summer Classic, sowie das Freundschaftsspiel in Corvara.<\/li>\n<li>Im ABO FULL sind alle Heimspiele des HCB S\u00fcdtirol Alperia der Saison 2025\/26 enthalten, inklusive Playoffs der ICEHL und CHL und das Freundschaftsspiel in Corvara. Sollte der HCB nicht an den Playoffs teilnehmen, besteht kein Anspruch auf R\u00fcckerstattung.<\/li>\n<li>Abonnements f\u00fcr Menschen mit Beeintr\u00e4chtigung (mind. 75\u202f% Invalidit\u00e4t): Begleitpersonen erhalten nur in begr\u00fcndeten F\u00e4llen ein erm\u00e4\u00dfigtes Abo (z.\u202fB. bei offensichtlicher Gehbehinderung). Entsprechende Nachweise sind im B\u00fcro vorzulegen.<\/li>\n<li>Der Abonnent darf <strong>ausschlie\u00dflich seinen Sitzplatz einnehmen<\/strong>. Stehen auf den Trib\u00fcnen ist in keiner Weise gestattet.<\/li>\n<\/ul>\n<p>&nbsp;<\/p>\n<p><strong>Erm\u00e4\u00dfigungen: <\/strong>Pro Person ist nur eine Erm\u00e4\u00dfigung oder Aktion g\u00fcltig. F\u00fcr Erm\u00e4\u00dfigungen nach Alter ist das Stichtagsdatum der 31.12.2025 ma\u00dfgeblich. Studierende im Alter von 19 bis 25 Jahren m\u00fcssen einen g\u00fcltigen Studien- oder Sch\u00fclerausweis vorlegen.<\/p>\n<p><strong>Option Ratenzahlung: <\/strong>Zahlung im B\u00fcro in zwei Raten m\u00f6glich: 1. Rate sofort bei Abgabe des Formulars, zweite Rate bis sp\u00e4testens 14.11.2025.<\/p>\n<p><strong>Playoffs f\u00fcr BASIS-Abonnenten: <\/strong>W\u00e4hrend der Playoffs haben Inhaber des BASIS-Abos ein Vorkaufsrecht auf ihren Stammplatz aus der Regular Season (bis einen Tag vor dem Spiel).<\/p>\n<p>Hier die detaillierten \u00d6ffnungszeiten (bitte mit ausgef\u00fclltem Formular erscheinen \u2013 Download am Seitenende):<\/p>\n<ul>\n<li>Dienstag, 15. Juli<br \/>\n15:00\u201319:00 Uhr<\/li>\n<li>Mittwoch, 16. &amp; Donnerstag, 17. Juli<br \/>\n11:00\u201313:00 &amp; 15:00\u201319:00 Uhr<\/li>\n<li>Freitag, 18. Juli<br \/>\n11:00\u201313:00 Uhr<\/li>\n<li>Samstag, 19. Juli<br \/>\n09:00\u201312:00 Uhr<\/li>\n<li>Montag, 21. \u2013 Donnerstag, 24. Juli<br \/>\n16:00\u201319:00 Uhr<\/li>\n<li>Freitag, 25. Juli<br \/>\n11:00\u201313:00 Uhr<br \/>\n<strong>\u2192 Ende des Vorkaufsrechts f\u00fcr Abonnenten 2024\/25<\/strong><\/li>\n<li>Montag, 28. \u2013 Donnerstag, 31. Juli<br \/>\n16:00\u201319:00 Uhr<\/li>\n<li>Freitag, 1. August<br \/>\n11:00\u201313:00 Uhr<\/li>\n<li>Mittwoch, 13. &amp; Donnerstag, 14. August<br \/>\n16:00\u201319:00 Uhr<\/li>\n<li>Dienstag, 19. \u2013 Donnerstag, 21. August<br \/>\n16:00\u201319:00 Uhr<\/li>\n<li>Freitag, 22. August<br \/>\n11:00\u201313:00 Uhr<\/li>\n<li>Dienstag, 2. &amp; Mittwoch, 3. September<br \/>\n16:00\u201318:30 Uhr<\/li>\n<li>Mittwoch, 10. September<br \/>\n16:00\u201318:30 Uhr<\/li>\n<\/ul>\n<p>Anschlie\u00dfend wird der Verkauf zu den B\u00fcrozeiten fortgesetzt.<\/p>\n<p>&nbsp;<\/p>\n<p><strong>Allgemeine Verkaufsbedingungen:<\/strong><\/p>\n<ol>\n<li>Alle Abonnements des HC Bozen 2000 sind personalisiert und nicht \u00fcbertragbar.<\/li>\n<li>F\u00fcr die Anwendung von altersbedingten Erm\u00e4\u00dfigungen gilt der 31.12.2025 als Stichtag.<\/li>\n<li>Etwaige Abo-Aktionen oder -Rabatte sind nicht kombinierbar.<\/li>\n<li>Das ABO FULL ist f\u00fcr alle Heimspiele der Saison 2025\/26 des HCB g\u00fcltig, einschlie\u00dflich der Playoffs der ICEHL und der CHL und das Freundschaftsspiel in Corvara. Sollte der HCB die Playoffs nicht erreichen, besteht kein Anspruch auf R\u00fcckerstattung.<\/li>\n<li>Falls Zuschauer aufgrund nationaler oder internationaler Bestimmungen oder auf Anordnung der zust\u00e4ndigen Verb\u00e4nde gar nicht oder nur teilweise zu Heimspielen zugelassen werden, entsteht kein Anspruch auf eine anteilige R\u00fcckerstattung.<\/li>\n<li>Im Falle von Verlust oder Diebstahl kann der Abonnementpreis nicht zur\u00fcckerstattet werden.<\/li>\n<li>Die zugewiesenen Pl\u00e4tze d\u00fcrfen nicht getauscht werden.<\/li>\n<li>Der Abonnent darf ausschlie\u00dflich seinen eigenen Sitzplatz einnehmen; das Stehen in den Trib\u00fcnenbereichen ist in keiner Weise gestattet.<\/li>\n<li>W\u00e4hrend der Sportveranstaltungen im Stadion (sowohl innerhalb als auch au\u00dferhalb, einschlie\u00dflich angrenzender Bereiche) k\u00f6nnen Video- und Fotoaufnahmen der Trib\u00fcnen und der anwesenden Zuschauer gemacht werden \u2013 sowohl durch den Veranstalter als auch durch autorisierte Dritte. Diese Aufnahmen k\u00f6nnen unter anderem live auf den Stadionbildschirmen \u00fcbertragen und\/oder zu Informations-, Werbe- und kommerziellen Zwecken verwendet werden, auch \u00fcber Massenmedien und digitale Kan\u00e4le (Websites, soziale Netzwerke, Werbematerialien etc.). Mit dem Erwerb des Eintrittstitels erkl\u00e4rt sich der Zuschauer ausdr\u00fccklich damit einverstanden, gefilmt oder fotografiert zu werden, und genehmigt ab sofort die kostenlose Nutzung seines Bildes gem\u00e4\u00df den oben genannten Bedingungen \u2013 ohne Anspruch auf Verg\u00fctung oder andere Forderungen.<\/li>\n<li>Ein Versto\u00df gegen eine der oben genannten Verkaufsbedingungen oder gegen die Hausordnung der Sparkasse Arena sowie gegen etwaige Covid-Vorschriften f\u00fchrt zum sofortigen Entzug des Abonnements durch den HCB \u2013 ohne Anspruch auf R\u00fcckerstattung.<\/li>\n<\/ol>\n<p>&nbsp;<\/p>\n<p><a href=\"https:\/\/www.hcb.net\/a9243ee7cdcd4f3a\/modulo-abo_202526.pdf\">MODULO ABO_202526<\/a><\/p>\n","protected":false},"excerpt":{"rendered":"<p>Eintrittspreise &amp; ABO HCB S\u00fcdtirol Alperia Saison 2025\/26 Playoffs Viertelfinale 2026 Sektor \u00a0 A\/C lateral + G\/E voll 36 A\/C lateral + G\/E reduziert Senior 70+ 34 A\/C lateral + G\/E Student (19-25) 18 A\/C lateral + G\/E Teenager (16-18) 18 A\/C lateral + G\/E KID (6-15) 18 D\/H + B\/F voll 27 D\/H + [&hellip;]<\/p>\n","protected":false},"author":1,"featured_media":233,"parent":0,"menu_order":0,"comment_status":"closed","ping_status":"closed","template":"","meta":{"_acf_changed":false,"footnotes":""},"class_list":["post-11403","page","type-page","status-publish","has-post-thumbnail","hentry"],"acf":[],"_links":{"self":[{"href":"https:\/\/www.hcb.net\/de\/wp-json\/wp\/v2\/pages\/11403","targetHints":{"allow":["GET"]}}],"collection":[{"href":"https:\/\/www.hcb.net\/de\/wp-json\/wp\/v2\/pages"}],"about":[{"href":"https:\/\/www.hcb.net\/de\/wp-json\/wp\/v2\/types\/page"}],"author":[{"embeddable":true,"href":"https:\/\/www.hcb.net\/de\/wp-json\/wp\/v2\/users\/1"}],"replies":[{"embeddable":true,"href":"https:\/\/www.hcb.net\/de\/wp-json\/wp\/v2\/comments?post=11403"}],"version-history":[{"count":99,"href":"https:\/\/www.hcb.net\/de\/wp-json\/wp\/v2\/pages\/11403\/revisions"}],"predecessor-version":[{"id":1347728,"href":"https:\/\/www.hcb.net\/de\/wp-json\/wp\/v2\/pages\/11403\/revisions\/1347728"}],"wp:featuredmedia":[{"embeddable":true,"href":"https:\/\/www.hcb.net\/de\/wp-json\/wp\/v2\/media\/233"}],"wp:attachment":[{"href":"https:\/\/www.hcb.net\/de\/wp-json\/wp\/v2\/media?parent=11403"}],"curies":[{"name":"wp","href":"https:\/\/api.w.org\/{rel}","templated":true}]}}