{"id":12063,"date":"2017-01-03T14:52:10","date_gmt":"2017-01-03T14:52:10","guid":{"rendered":"http:\/\/www.hcb.net\/?page_id=12063\/"},"modified":"2017-01-03T14:52:16","modified_gmt":"2017-01-03T14:52:16","slug":"cookies","status":"publish","type":"page","link":"https:\/\/www.hcb.net\/de\/footer\/cookies\/","title":{"rendered":"Cookies"},"content":{"rendered":"    <p>Auf dieser Webseite werden so genannte \u201eCookies\u201c verwendet, das sind kleine Informationsdateien, die vom Server einer Webseite \u00fcber den Browser vor\u00fcbergehend oder st\u00e4ndig auf Ihrem Computer oder anderem Ger\u00e4t gespeichert werden und die Nutzung der Webseite vereinfachen, vervollst\u00e4ndigen oder personalisieren.<\/p>\n    <p>Durch die Nutzung dieser Website erkl\u00e4ren Sie sich mit der Bearbeitung der \u00fcber Sie erhobenen Daten durch Google einverstanden.<\/p>\n    <p>Sie k\u00f6nnen in Ihrem Browser die Speicherung von Cookies de-aktivieren oder gespeicherte Cookies l\u00f6schen, wodurch es jedoch unter Umst\u00e4nden zu einer eingeschr\u00e4nkten Funktionalit\u00e4t, zu Verz\u00f6gerungen oder zu einer Unbrauchbarkeit bestimmter Teile der Webseite kommen kann.<\/p>\n    <p>F\u00fcr weitere Informationen \u00fcber Cookies und dar\u00fcber, wie Sie diese, je nach verwendetem Browsertyp, l\u00f6schen k\u00f6nnen, verweist www.hcb.net&nbsp;auf folgende Webseite: <a href=\"http:\/\/support.google.com\/accounts\/answer\/32050\" target=\"_blank\">support.google.com\/accounts\/answer\/32050<\/a><\/p>\n    <p>www.hcb.net verwendet folgende Cookies:<\/p>\n    <p>1. Unbedingt notwendige Cookies, mit deren Hilfe die Besucher die Webseite ansehen, die Funktionen auf der Webseite nutzen und Zugang zu gesicherten oder registrierten Bereichen erhalten k\u00f6nnen. Werden diese Cookies desaktiviert, k\u00f6nnen bestimmte Teile der Webseite nicht mehr zweckm\u00e4\u00dfig genutzt werden.<\/p>\n    <p>2. Funktionalit\u00e4tscookies, mit denen www.hcb.net die Auswahl und die Pr\u00e4ferenzen von Besuchern speichern kann, um die Benutzerfreundlichkeit zu erh\u00f6hen.&nbsp;<\/p>\n    <p>3. Cookies zur Analyse der Nutzung, die Informationen \u00fcber Ihre Benutzung dieser Website (einschlie\u00dflich Ihrer IP-Adresse) erheben. Diese Informationen sind nicht personenbezogen. Die Informationen werden an einen Server von Google in den USA \u00fcbertragen und dort gespeichert. Google wird diese Informationen benutzen, um Ihre Nutzung der Website auszuwerten, um Reports \u00fcber die Websiteaktivit\u00e4ten f\u00fcr die Websitebetreiber zusammenzustellen und um weitere mit der Websitenutzung und der Internetnutzung verbundene Dienstleistungen zu erbringen.<\/p>\n    <p>Auch wird Google diese Informationen gegebenenfalls an Dritte \u00fcbertragen, sofern dies gesetzlich vorgeschrieben oder soweit Dritte diese Daten im Auftrag von Google verarbeiten. Google wird in keinem Fall Ihre IP-Adresse mit anderen Daten von Google in Verbindung bringen.<\/p>\n    <p>4. Google Remarketing Cookies, die zum Anzeigen personalisierter Werbung \u00fcber das Google Advertising Netz dienen. Die Anzeigenschaltung erfolgt auf Basis Ihrer vorherigen Besuche dieser Webseite.<\/p>   \n\n","protected":false},"excerpt":{"rendered":"","protected":false},"author":1,"featured_media":0,"parent":12061,"menu_order":0,"comment_status":"closed","ping_status":"closed","template":"","meta":{"_acf_changed":false,"footnotes":""},"class_list":["post-12063","page","type-page","status-publish","hentry"],"acf":[],"_links":{"self":[{"href":"https:\/\/www.hcb.net\/de\/wp-json\/wp\/v2\/pages\/12063","targetHints":{"allow":["GET"]}}],"collection":[{"href":"https:\/\/www.hcb.net\/de\/wp-json\/wp\/v2\/pages"}],"about":[{"href":"https:\/\/www.hcb.net\/de\/wp-json\/wp\/v2\/types\/page"}],"author":[{"embeddable":true,"href":"https:\/\/www.hcb.net\/de\/wp-json\/wp\/v2\/users\/1"}],"replies":[{"embeddable":true,"href":"https:\/\/www.hcb.net\/de\/wp-json\/wp\/v2\/comments?post=12063"}],"version-history":[{"count":1,"href":"https:\/\/www.hcb.net\/de\/wp-json\/wp\/v2\/pages\/12063\/revisions"}],"predecessor-version":[{"id":12064,"href":"https:\/\/www.hcb.net\/de\/wp-json\/wp\/v2\/pages\/12063\/revisions\/12064"}],"up":[{"embeddable":true,"href":"https:\/\/www.hcb.net\/de\/wp-json\/wp\/v2\/pages\/12061"}],"wp:attachment":[{"href":"https:\/\/www.hcb.net\/de\/wp-json\/wp\/v2\/media?parent=12063"}],"curies":[{"name":"wp","href":"https:\/\/api.w.org\/{rel}","templated":true}]}}