{"id":12067,"date":"2017-01-03T14:52:44","date_gmt":"2017-01-03T14:52:44","guid":{"rendered":"http:\/\/www.hcb.net\/?page_id=12067\/"},"modified":"2017-01-03T14:52:49","modified_gmt":"2017-01-03T14:52:49","slug":"privacy","status":"publish","type":"page","link":"https:\/\/www.hcb.net\/de\/footer\/privacy\/","title":{"rendered":"Privacy"},"content":{"rendered":"\n<h2>Datenschutz-Aufkl\u00e4rung<\/h2>\n<p>HOCKEY CLUB BOZEN 2000 Amateursport Gesellschaft m.b.H. (\u201eUnternehmen\u201c), mit Sitz in Bozen<\/p>\n\n\n\n\t<h3>1.\tAllgemeine Informationen<\/h3>\n\n\t\t<p>\n\t\t\tDer Schutz Ihrer pers\u00f6nlichen Daten ist uns ein besonderes Anliegen. Wir verarbeiten Ihre Daten daher ausschlie\u00dflich auf Grundlage der EU Datenschutz-Grundverordnung Nr. 679\/2016 (in der Folge, \u201eDSGVO\u201c). \n\t\t<\/p>\n\t\t<p>\n\t\t\t1.1\tIn diesen Datenschutzinformationen informieren wir Sie \u00fcber die wichtigsten Aspekte der Datenverarbeitung im Rahmen unserer Internet-Seite, der \u201cApplikation\u201d und der \u201cDienstleistungen\" (in der Folge, die \u201cDienstleistungen\u201d oder \u201cProdukte\u201d).\n\t\t<\/p>\n\t\t<p>\n\t\t\t1.2\tAlle Begriffe in dieser Datenschutz- Aufkl\u00e4rung haben die in den in Punkt 1.1 genannten Rechtsquellen definierte Bedeutung.\n\t\t<\/p>\n\n\t<h3>2.\tVerarbeitete personenbezogene Daten<\/h3>\n\n\t<p>\n\t\tAuf unserer Internet-Seite verarbeiten wir die folgenden personenbezogenen Daten:\n\t\t<ol>\n\t\t\t<li>Name<\/li> \n\t\t\t<li>Email Adresse<\/li>\n\t\t\t<li>Telefon-Nummer<\/li>\n\t\t\t<li>IP Adresse<\/li>\n\t\t\t<li>Informationen dar\u00fcber wie Sie die Dienstleistungen nutzen<\/li> \n\t\t\t<li>Inhalte welche Sie mitteilen, einbringen, hoch-laden, etc.<\/li> \n\t\t\t<li>Technische Daten, wie z.B. die URL \u00fcber die Sie auf unsere Website gelangen, Ihre IP Adresse, Netzwerk und PC Leistung, Browser Typ, Sprachwahl, Betriebssystem, ua.<\/li> \n\t\t<\/ol>\n\t\t\n\t\tOhne die eben-genannten Daten, k\u00f6nnen wir die Dienstleistung nicht anbieten. \n\t<\/p>\n\n\t<h3>3.\tZwecke und Rechtm\u00e4\u00dfigkeit der Datenverarbeitung<\/h3>\n\t<p>Mit der Verarbeitung der ob-genannten Daten verfolgen wir die folgenden Zwecke:<br \/><br \/>\n\t\t3.1\tKontakt: Es ist den Rechtsinhabern der Datenverarbeitung gestattet, direkt mit Ihnen Kontakt aufzunehmen, falls Sie das entsprechende Online-Kontaktformular ausgef\u00fcllt und \u00fcbermittelt haben;  <br \/>\n\t\t3.2 Newsletter: \u00dcbermittlung von Newslettern und, im Falle einer entsprechenden Zustimmung Ihrerseits, \u00dcbermittlung von kommerziellen Informationen, Werbe- und Informationsmaterial und\/oder Kontaktaufnahme zu kommerziellen Zwecken, auch auf interaktivem Weg; <br \/>\n\t\t3.3 Wettbewerbe und Gewinnspiele: Sollten Sie gewinnen, ist es den Rechtsinhabern der Datenverarbeitung gestattet, direkt mit Ihnen Kontakt aufzunehmen, falls Sie das entsprechende Online-Formular ausgef\u00fcllt und \u00fcbermittelt haben;  <br \/>\n\t\t3.4 Kunden-Profilierung: Nach Ihrer ausdr\u00fccklichen Zustimmung zur Realisierung von Aktivit\u00e4ten zur Kunden-Profilierung, basierend auf den Daten die Sie im Zuge der Registrierung zur Teilnahme an Wettbewerben und Gewinnspielen \u00fcbermitteln. Diese Zustimmung bezieht sich nicht auf die Profilierung Ihres Kaufverhaltens.<br \/>\n\t<\/p>\n\n\t<h3>4.\t\u00dcbermittlung Ihrer Daten an Dritte<\/h3>\n\n\t<p>\n\t\t\tIhre personenbezogenen Daten k\u00f6nnen, um gesetzlichen Verpflichtungen nachzukommen, beh\u00f6rdliche Anordnungen zu erf\u00fcllen oder um Rechte auf dem Gerichtsweg geltend zu machen, Dritten mitgeteilt werden. Die Daten werden zudem zur Erf\u00fcllung ihres Erhebungszwecks an entsprechend beauftragte Dritte \u00fcbermittelt.\n\t<\/p>\n\n\t<h3>5.\tCookies, Pixels und andere System-Technologien<\/h3>\n\t<p>\n\t\t\t5.1\tWir sammeln personenbezogene Daten mittels System-Technologien (cookies, pixels, tags), die auch auf Ihrem Rechner abgelegt werden k\u00f6nnen. F\u00fcr Informationen wie wir diese Technologien verwenden, verweisen wir auf unsere cookie policy, die Sie hier (<a href=\"\">Cookies<\/a>) finden.\n\t<\/p>\n\t<h3>6.\tDauer der Verarbeitung Ihrer personenbezogenen Daten<\/h3>\n\t<p>\n\t\t\t6.1 Personenbezogene Daten werden mit traditionellen und automatisierten Mittel nur zu den obengenannten Zwecken und f\u00fcr die unbedingt notwendige Dauer verarbeitet.\n\t<\/p>\n\n\t<h3>7.\tMinderj\u00e4hrige<\/h3>\n\t<p>\n\t\t\t7.1 Wie bieten unsere Dienstleistungen nicht an Minderj\u00e4hrige unter 14 Jahren an. Wenn Sie die Aufsichtspflicht \u00fcber eine Person haben, die noch nicht 14 Jahre alt ist, und bemerken, dass der Minderj\u00e4hrige ohne unsere Zustimmung Daten an uns \u00fcbermittelt hat, bitten wir um umgehende Kontaktaufnahme (mail@hcb.net), sodass wir die gesetzlichen Ma\u00dfnahmen im Interesse des Minderj\u00e4hrigen ergreifen k\u00f6nnen.\n\t<\/p>\n\n\t<h3>8.\tIhre Rechte<\/h3>\n\t<p>\n\t\t8.1\tSie haben ein absolutes Recht jederzeit \u00fcber Ihre Daten zu verf\u00fcgen. Ihnen stehen grunds\u00e4tzlich die Rechte auf Auskunft, Berichtigung, L\u00f6schung, Einschr\u00e4nkung, Daten\u00fcbertragbarkeit, Widerruf und Widerspruch zu.<br \/>\n\t\t<br \/>\n\t\t8.2\tWenn Sie Ihre Einwilligung zur Datenverarbeitung widerrufen, hat dies keinen Einfluss auf die Rechtm\u00e4\u00dfigkeit der Datenverarbeitung vor dem Widerruf. In bestimmten F\u00e4llen k\u00f6nnen Ihre personenbezogenen Daten auch nach Ihrem Widerruf von uns verarbeitet werden; dies aber nur wenn ein von der Einwilligung verschiedener Rechtm\u00e4\u00dfigkeitsgrund vorliegt. Sie k\u00f6nnen jederzeit Widerspruch gegen direktes Marketing erheben.<br \/>\n\t<\/p>\n\n\t<\/ol>\n\n\n\t<h3>9.\tSie erreichen uns unter folgenden Kontaktdaten:<\/h3>\n\t<p>\n\t\tHOCKEY CLUB BOZEN 2000 Amateursport Gesellschaft m.b.H. <br \/>\n\t\tGalvanistra\u00dfe 34 <br \/>\n\t\t39100 Bozen <br \/>\n\t\t+39 0471 915604<br \/>\n\t\tmail@hcb.net \n\t<\/p>\n\n\n","protected":false},"excerpt":{"rendered":"","protected":false},"author":1,"featured_media":0,"parent":12061,"menu_order":0,"comment_status":"closed","ping_status":"closed","template":"","meta":{"_acf_changed":false,"footnotes":""},"class_list":["post-12067","page","type-page","status-publish","hentry"],"acf":[],"_links":{"self":[{"href":"https:\/\/www.hcb.net\/de\/wp-json\/wp\/v2\/pages\/12067","targetHints":{"allow":["GET"]}}],"collection":[{"href":"https:\/\/www.hcb.net\/de\/wp-json\/wp\/v2\/pages"}],"about":[{"href":"https:\/\/www.hcb.net\/de\/wp-json\/wp\/v2\/types\/page"}],"author":[{"embeddable":true,"href":"https:\/\/www.hcb.net\/de\/wp-json\/wp\/v2\/users\/1"}],"replies":[{"embeddable":true,"href":"https:\/\/www.hcb.net\/de\/wp-json\/wp\/v2\/comments?post=12067"}],"version-history":[{"count":1,"href":"https:\/\/www.hcb.net\/de\/wp-json\/wp\/v2\/pages\/12067\/revisions"}],"predecessor-version":[{"id":12068,"href":"https:\/\/www.hcb.net\/de\/wp-json\/wp\/v2\/pages\/12067\/revisions\/12068"}],"up":[{"embeddable":true,"href":"https:\/\/www.hcb.net\/de\/wp-json\/wp\/v2\/pages\/12061"}],"wp:attachment":[{"href":"https:\/\/www.hcb.net\/de\/wp-json\/wp\/v2\/media?parent=12067"}],"curies":[{"name":"wp","href":"https:\/\/api.w.org\/{rel}","templated":true}]}}