{"id":12103,"date":"2017-01-03T16:17:27","date_gmt":"2017-01-03T16:17:27","guid":{"rendered":"http:\/\/www.hcb.net\/?page_id=12103\/"},"modified":"2018-08-08T09:53:05","modified_gmt":"2018-08-08T08:53:05","slug":"allgemeine-verkaufsbedingungen","status":"publish","type":"page","link":"https:\/\/www.hcb.net\/de\/footer\/allgemeine-verkaufsbedingungen\/","title":{"rendered":"Allgemeine Verkaufsbedingungen"},"content":{"rendered":"<p>Alle Saisonabo\u2019s der HC Bozen 2000 GmbH sind nominell, nicht \u00fcbertragbar und gelten f\u00fcr die Heimspiele des Vereins;<\/p>\n<p>Eventuelle Abo-Preisaktionen sind untereinander nicht kombinierbar, sprich es kann nur 1 Reduzierung in Anspruch genommen werden;<\/p>\n<p>F\u00fcr die Berechnung von altersbezogenen Reduzierungen wird der 31.08.2018 als Stichtag herangezogen;<\/p>\n<p>ABO BASE: das BASE Abo gilt f\u00fcr Vorbereitungsspiel HCB S\u00fcdtirol Alperia vs HC Pustertal (29. August), sowie die gesamte Regular Season der EBEL Meisterschaft 2017\/18 (Vorrunde und Pick\/Qualification Round, insgesamt 27 Heimspiele) + 3 Spiele Champions Hockey League Das Abo BASE gilt NICHT f\u00fcr die Playoffs;<\/p>\n<p>In den Playoffs haben die BASE Abonnenten das Anrecht 1 Tagesticket zum Preis der jeweilig vorhergegangenen Runde (z.B. 1\/4 Finale = Preis Regular Season, 1\/2 Finale = Preis 1\/4 Finale, usw.) anzukaufen. Es wird explizit darauf hingewiesen dass keinerlei Vorkaufsrecht auf den auf dem BASE Abo angegebenen Sitzplatz besteht und kein eigener Vorverkauf f\u00fcr Abo Base Inhaber gemacht wird;<\/p>\n<p>ABO FULL: das FULL Abo gilt f\u00fcr alle Heimspiele des HCB S\u00fcdtirol der EBEL Meisterschaft, Playoffs inklusive. Sollte der HCB S\u00fcdtirol die Playoffs nicht erreichen, hat der FULL Abonnent keinerlei R\u00fcckerstattungsrechte;<\/p>\n<p>ABO SPECIAL: Abos f\u00fcr Personen mit einem Invalidit\u00e4tsgrad von min. 75%. Eventuelle Begleitpersonen haben nur in begr\u00fcndeten F\u00e4llen, welche vom Vereinsb\u00fcro \u00fcberpr\u00fcft werden, ein Anrecht auf ein reduziertes Abo.<\/p>\n<p>Der Abopreis wird im Falle eines Verlusts oder Diebstahl nicht r\u00fcckerstattet. Nach ausf\u00fcllen einer Eigenerkl\u00e4rung im B\u00fcro des HCB in der Galvanistra\u00dfe 34 Bozen, wird ein Duplikat ausgestellt.<\/p>\n<p>Die Verletzung einer der angef\u00fchrten allgemeinen Verkaufsbedingungen oder der Hausordnung der Eiswelle Bozen hat einen sofortigen Einzug des Abos zur Folge, ohne jegliche R\u00fcckerstattungsrechte.<\/p>\n<p>Abholung ABO\u2019S: die Abo\u2019s m\u00fcssen, nach Mitteileung des Vereins, vom Karteninhaber pers\u00f6nlich und unter Vorlage eines Identifikationsdokuments abgeholt werden. Im Falle von Reduzierungen muss eine geeignete Zusatzdokumentation vorgelegt werden.<\/p>\n<p>Die Abo\u2019s sind nicht \u00fcbertragbar.<\/p>\n<p>F\u00fcr die Promotion \u201eEARLY\u201c muss die Bank\u00fcberweisung mit maximaler Wertstellung 05.08.2018 durchgef\u00fchrt werden.<\/p>\n","protected":false},"excerpt":{"rendered":"<p>Alle Saisonabo\u2019s der HC Bozen 2000 GmbH sind nominell, nicht \u00fcbertragbar und gelten f\u00fcr die Heimspiele des Vereins; Eventuelle Abo-Preisaktionen sind untereinander nicht kombinierbar, sprich es kann nur 1 Reduzierung in Anspruch genommen werden; F\u00fcr die Berechnung von altersbezogenen Reduzierungen wird der 31.08.2018 als Stichtag herangezogen; ABO BASE: das BASE Abo gilt f\u00fcr Vorbereitungsspiel HCB [&hellip;]<\/p>\n","protected":false},"author":1,"featured_media":0,"parent":12061,"menu_order":0,"comment_status":"closed","ping_status":"closed","template":"","meta":{"_acf_changed":false,"footnotes":""},"class_list":["post-12103","page","type-page","status-publish","hentry"],"acf":[],"_links":{"self":[{"href":"https:\/\/www.hcb.net\/de\/wp-json\/wp\/v2\/pages\/12103","targetHints":{"allow":["GET"]}}],"collection":[{"href":"https:\/\/www.hcb.net\/de\/wp-json\/wp\/v2\/pages"}],"about":[{"href":"https:\/\/www.hcb.net\/de\/wp-json\/wp\/v2\/types\/page"}],"author":[{"embeddable":true,"href":"https:\/\/www.hcb.net\/de\/wp-json\/wp\/v2\/users\/1"}],"replies":[{"embeddable":true,"href":"https:\/\/www.hcb.net\/de\/wp-json\/wp\/v2\/comments?post=12103"}],"version-history":[{"count":6,"href":"https:\/\/www.hcb.net\/de\/wp-json\/wp\/v2\/pages\/12103\/revisions"}],"predecessor-version":[{"id":24131,"href":"https:\/\/www.hcb.net\/de\/wp-json\/wp\/v2\/pages\/12103\/revisions\/24131"}],"up":[{"embeddable":true,"href":"https:\/\/www.hcb.net\/de\/wp-json\/wp\/v2\/pages\/12061"}],"wp:attachment":[{"href":"https:\/\/www.hcb.net\/de\/wp-json\/wp\/v2\/media?parent=12103"}],"curies":[{"name":"wp","href":"https:\/\/api.w.org\/{rel}","templated":true}]}}