{"id":14212,"date":"2017-08-01T11:41:03","date_gmt":"2017-08-01T10:41:03","guid":{"rendered":"https:\/\/www.hcb.net\/?page_id=14212\/"},"modified":"2025-07-15T11:56:42","modified_gmt":"2025-07-15T10:56:42","slug":"presse-akkreditierungen","status":"publish","type":"page","link":"https:\/\/www.hcb.net\/de\/presse-akkreditierungen\/","title":{"rendered":"Presse Akkreditierungen"},"content":{"rendered":"<p><strong>Kontakt: Luca Tommasini &#8211; <a href=\"mailto:press@hcb.net\">press@hcb.net<\/a><\/strong><\/p>\n<p>Die Anfragen der Akkreditierungen f\u00fcr die Presse m\u00fcssen <strong>sp\u00e4testens am Vortag der jeweiligen Spiele innerhalb 16,00 Uhr <\/strong>eingereicht werden. Sp\u00e4ter eintreffende Anfragen k\u00f6nnen <strong>nicht mehr ber\u00fccksichtigt werden<\/strong>. Im E-Mail m\u00fcssen Name und Vorname, Geburtsdatum, t\u00e4tig f\u00fcr (Zeitung, Zeitschrift, Radio, TV und Online Medium) und Telefonnummer des Antragstellers angegeben werden.<\/p>\n<p>&nbsp;<\/p>\n<p><strong>Saison-Akkreditierung 2025\/26<\/strong><\/p>\n<p>Die Akkreditierungen f\u00fcr die gesamte Saison 2025\/26 m\u00fcssen mit dem eigenen Formular angefragt werden. Dieses kann untenstehend heruntergeladen werden und muss ausgef\u00fcllt an folgende E-Mail- Adresse gesandt werden: press@hcb.net. Nach entsprechender \u00dcberpr\u00fcfung aller Anfragen erhalten die Antragsteller eine entsprechende Antwort per E-Mail.<\/p>\n","protected":false},"excerpt":{"rendered":"<p>Kontakt: Luca Tommasini &#8211; press@hcb.net Die Anfragen der Akkreditierungen f\u00fcr die Presse m\u00fcssen sp\u00e4testens am Vortag der jeweiligen Spiele innerhalb 16,00 Uhr eingereicht werden. Sp\u00e4ter eintreffende Anfragen k\u00f6nnen nicht mehr ber\u00fccksichtigt werden. Im E-Mail m\u00fcssen Name und Vorname, Geburtsdatum, t\u00e4tig f\u00fcr (Zeitung, Zeitschrift, Radio, TV und Online Medium) und Telefonnummer des Antragstellers angegeben werden. &nbsp; [&hellip;]<\/p>\n","protected":false},"author":1,"featured_media":606875,"parent":0,"menu_order":0,"comment_status":"closed","ping_status":"closed","template":"","meta":{"_acf_changed":false,"footnotes":""},"class_list":["post-14212","page","type-page","status-publish","has-post-thumbnail","hentry"],"acf":[],"_links":{"self":[{"href":"https:\/\/www.hcb.net\/de\/wp-json\/wp\/v2\/pages\/14212","targetHints":{"allow":["GET"]}}],"collection":[{"href":"https:\/\/www.hcb.net\/de\/wp-json\/wp\/v2\/pages"}],"about":[{"href":"https:\/\/www.hcb.net\/de\/wp-json\/wp\/v2\/types\/page"}],"author":[{"embeddable":true,"href":"https:\/\/www.hcb.net\/de\/wp-json\/wp\/v2\/users\/1"}],"replies":[{"embeddable":true,"href":"https:\/\/www.hcb.net\/de\/wp-json\/wp\/v2\/comments?post=14212"}],"version-history":[{"count":18,"href":"https:\/\/www.hcb.net\/de\/wp-json\/wp\/v2\/pages\/14212\/revisions"}],"predecessor-version":[{"id":1012787,"href":"https:\/\/www.hcb.net\/de\/wp-json\/wp\/v2\/pages\/14212\/revisions\/1012787"}],"wp:featuredmedia":[{"embeddable":true,"href":"https:\/\/www.hcb.net\/de\/wp-json\/wp\/v2\/media\/606875"}],"wp:attachment":[{"href":"https:\/\/www.hcb.net\/de\/wp-json\/wp\/v2\/media?parent=14212"}],"curies":[{"name":"wp","href":"https:\/\/api.w.org\/{rel}","templated":true}]}}