{"id":18088,"date":"2018-01-05T16:52:50","date_gmt":"2018-01-05T15:52:50","guid":{"rendered":"https:\/\/www.hcb.net\/?page_id=18088"},"modified":"2023-12-06T16:41:36","modified_gmt":"2023-12-06T15:41:36","slug":"medical-partner","status":"publish","type":"page","link":"https:\/\/www.hcb.net\/de\/verein\/medical-partner\/","title":{"rendered":"Medical Partner"},"content":{"rendered":"<h2>Medical Partner<\/h2>\n<hr \/>\n<p><a href=\"https:\/\/thuile.com\/\"><img loading=\"lazy\" decoding=\"async\" class=\"aligncenter wp-image-45964\" src=\"https:\/\/static.hcb.net\/a9243ee7cdcd4f3a\/12345\/c\/thuile_retina-1.png\" alt=\"\" width=\"622\" height=\"113\" data-headline=\"thuile_retina (1)\" \/><\/a><\/p>\n<p>BOZEN, BRENNERSTRASSE 2D;<br \/>\nTEL: 003904711555000<br \/>\n<a href=\"http:\/\/www.thuile.com\/\">www.thuile.com<\/a><\/p>\n<p><strong>Dr. med. univ. CHRISTIAN THUILE; Allgemeinmediziner-medico chirurgo:<br \/>\n<\/strong>Schwerpunkt und Zusatzausbildungen: Naturheilkunde; Akupunktur, Ern\u00e4hrungs- und Vorsorgemedizin; Pflanzenheilkunde, orthomolekulare Medizin; begleitende Krebsheilkunde, \u00a0Sport- und Regenerationsmedizin; Notfallmediziner;<\/p>\n<p>Langj\u00e4hriger Leiter der Abteilung f\u00fcr Komplement\u00e4rmedizin am Krankenhaus Meran bis 2019; seit 2021 freiberuflicher Impfarzt im Krankenhaus Meran; Leiter des offizielles COVID 19 Testzentrums \u00a0in der BRENNERSTRASSE 2D; vielfacher Fachbuchautor; internationale Auszeichnungen; Lehrt\u00e4tigkeit; seit 2007 Radiodoktor bei S\u00fcdtirol 1 und Radio Tirol; seit 2020 Koordinator des MedicalTeams der Foxes;<\/p>\n<p>&nbsp;<\/p>\n<p><a href=\"https:\/\/radiologia.gruppobonvicini.it\/de\/\"><img loading=\"lazy\" decoding=\"async\" class=\"aligncenter wp-image-46593\" src=\"https:\/\/static.hcb.net\/a9243ee7cdcd4f3a\/12345\/c\/gruppo_bonvicini-radiologia-logo-retina.png\" alt=\"\" width=\"608\" height=\"99\" data-headline=\"gruppo_bonvicini-radiologia-logo-retina\" \/><\/a><\/p>\n<p>Die Radiologie Bonvicini ist eine private vom nationalen Gesundheitsdienst akkreditierte Einrichtung, die seit immer eng mit dem Sanit\u00e4tsbetrieb Bozen zusammen arbeitet. Sie wurde im Jahr 1981 gegr\u00fcndet und bietet ein gro\u00dfes Angebot an bildgebender Diagnostik durch die modernsten Technologien und die Kompetenz der Mitarbeiter.<\/p>\n<p>&nbsp;<\/p>\n<p><a href=\"https:\/\/www.physio-horn.com\/de\"><img loading=\"lazy\" decoding=\"async\" class=\"aligncenter wp-image-454658\" src=\"https:\/\/static.hcb.net\/a9243ee7cdcd4f3a\/454658\/c\/fit-in\/1024x1024\/filters:no_upscale()\/filters:strip_exif()\/logo_physiohorn.png\" alt=\"\" width=\"282\" height=\"128\" data-headline=\"logo_physiohorn\" \/><\/a><\/p>\n<p id=\"page-title\" class=\"title\">Physiotherapie bei Physio-Horn S\u00fcdtirol \/ Meran \/ Burggrafenamt- im Team bieten wir: Physiotherapie &#8211; Osteopathie &#8211; Babyosteopathie &#8211; Golfphysio &#8211; Massage &#8211; Ern\u00e4hrungsberatung &#8211; Psychotherapie &#8211; Hypnosetherapie &#8211; Sport-Physiotherapie<\/p>\n","protected":false},"excerpt":{"rendered":"<p>Medical Partner BOZEN, BRENNERSTRASSE 2D; TEL: 003904711555000 www.thuile.com Dr. med. univ. CHRISTIAN THUILE; Allgemeinmediziner-medico chirurgo: Schwerpunkt und Zusatzausbildungen: Naturheilkunde; Akupunktur, Ern\u00e4hrungs- und Vorsorgemedizin; Pflanzenheilkunde, orthomolekulare Medizin; begleitende Krebsheilkunde, \u00a0Sport- und Regenerationsmedizin; Notfallmediziner; Langj\u00e4hriger Leiter der Abteilung f\u00fcr Komplement\u00e4rmedizin am Krankenhaus Meran bis 2019; seit 2021 freiberuflicher Impfarzt im Krankenhaus Meran; Leiter des offizielles COVID 19 [&hellip;]<\/p>\n","protected":false},"author":5,"featured_media":0,"parent":11369,"menu_order":0,"comment_status":"closed","ping_status":"closed","template":"","meta":{"_acf_changed":false,"footnotes":""},"class_list":["post-18088","page","type-page","status-publish","hentry"],"acf":[],"_links":{"self":[{"href":"https:\/\/www.hcb.net\/de\/wp-json\/wp\/v2\/pages\/18088","targetHints":{"allow":["GET"]}}],"collection":[{"href":"https:\/\/www.hcb.net\/de\/wp-json\/wp\/v2\/pages"}],"about":[{"href":"https:\/\/www.hcb.net\/de\/wp-json\/wp\/v2\/types\/page"}],"author":[{"embeddable":true,"href":"https:\/\/www.hcb.net\/de\/wp-json\/wp\/v2\/users\/5"}],"replies":[{"embeddable":true,"href":"https:\/\/www.hcb.net\/de\/wp-json\/wp\/v2\/comments?post=18088"}],"version-history":[{"count":13,"href":"https:\/\/www.hcb.net\/de\/wp-json\/wp\/v2\/pages\/18088\/revisions"}],"predecessor-version":[{"id":456870,"href":"https:\/\/www.hcb.net\/de\/wp-json\/wp\/v2\/pages\/18088\/revisions\/456870"}],"up":[{"embeddable":true,"href":"https:\/\/www.hcb.net\/de\/wp-json\/wp\/v2\/pages\/11369"}],"wp:attachment":[{"href":"https:\/\/www.hcb.net\/de\/wp-json\/wp\/v2\/media?parent=18088"}],"curies":[{"name":"wp","href":"https:\/\/api.w.org\/{rel}","templated":true}]}}