{"id":47147,"date":"2021-03-18T11:38:45","date_gmt":"2021-03-18T10:38:45","guid":{"rendered":"https:\/\/www.hcb.net\/car-partners\/"},"modified":"2022-08-23T15:07:46","modified_gmt":"2022-08-23T14:07:46","slug":"performance-center","status":"publish","type":"page","link":"https:\/\/www.hcb.net\/de\/performance-center\/","title":{"rendered":"Performance Center by Starpool"},"content":{"rendered":"<p><img loading=\"lazy\" decoding=\"async\" class=\"wp-image-48718 alignnone\" src=\"https:\/\/static.hcb.net\/a9243ee7cdcd4f3a\/12345\/c\/fit-in\/173x173\/main-logo-1.png\" alt=\"\" width=\"173\" height=\"173\" data-headline=\"main logo-1\" \/>\u00a0 \u00a0 \u00a0 <a href=\"https:\/\/www.starpool.com\/\"><img loading=\"lazy\" decoding=\"async\" class=\"alignnone wp-image-39645\" src=\"https:\/\/static.hcb.net\/a9243ee7cdcd4f3a\/12345\/c\/starpool_logo.jpg\" alt=\"\" width=\"293\" height=\"149\" data-headline=\"Stampa\" \/><\/a><\/p>\n<p><strong>Durch die Zusammenarbeit zwischen HCB S\u00fcdtirol Alperia, Starpool und Dr. Christian Thuile wurde ein fortschrittliches Format geschaffen: es verbindet innovative wissenschaftliche Programme und die modernsten Ger\u00e4te, um die Erholung der Sportler zu verbessern und die Leistung auf dem Spielfeld zu steigern.<\/strong><\/p>\n<p><strong>K\u00f6rperliches und geistiges Wohlbefinden als Grundlage der sportlichen Leistung, Regeneration und Erholung als Basis der Leistungsf\u00e4higkeit:<\/strong> Konzepte, die sich in der Welt des Sports immer mehr durchsetzen und f\u00fcr die sich auch der <strong>Hockey Club Bozen<\/strong> einsetzt.<\/p>\n<p>Beim Bau seines neuen <strong>Performance Center<\/strong> verlie\u00df sich der HCB S\u00fcdtirol Alperia auf die Erfahrung von <strong>Starpool<\/strong>, einem italienischen Unternehmen, das seit \u00fcber 45 Jahren auf Wellness-Design spezialisiert ist, und auf die Beratung von Dr. <strong>Christian Thuile<\/strong>, einem auf Sport- und Regenerationsmedizin spezialisierten Allgemeinmediziner und Koordinator des Medical Teams der Foxes. Das Zentrum ist ein Raum von mehr als Quadratmetern in der <strong>Eiswelle<\/strong> in Bozen, in dem die Spieler der ersten Mannschaft nach den Wettk\u00e4mpfen und dem Training <strong>die richtigen physiologischen und biologischen Werte wiederherstellen, sich erholen und vor allem ihre Kr\u00e4fte steigern <\/strong>k\u00f6nnen. Aber das ist noch nicht alles: Das Performance Center hilft den Champions <strong>auch, an ihrer mentalen Konzentration zu arbeiten<\/strong>, einem grundlegenden Element, um auf dem Eis hervorragende Ergebnisse zu erzielen.<\/p>\n<p><img loading=\"lazy\" decoding=\"async\" class=\" wp-image-48012 alignright\" src=\"https:\/\/static.hcb.net\/a9243ee7cdcd4f3a\/12345\/c\/fit-in\/408x272\/dan-catenacci-5.jpg\" alt=\"\" width=\"408\" height=\"272\" data-headline=\"Dan Catenacci (5)\" \/><\/p>\n<p>Das Performance Center ist ein innovatives Format, das der Erholung und Leistungssteigerung von Athleten gewidmet ist: <strong>Die traditionellen Vorteile des Wohlbefindens<\/strong> &#8211; insbesondere die Wirkungen der hohen Temperaturen der Sauna &#8211; werden mit der k\u00f6rperlichen und geistigen Regeneration kombiniert, die sich aus dem <strong>schwerelosen Dry Floating<\/strong> und der Wirkung der <strong>Kryotherapie<\/strong> ergibt. Die Athleten werden anhand spezieller <strong>wissenschaftlicher Programme<\/strong>, die von Dr. Thuile in Zusammenarbeit mit Starpool ad hoc erstellt wurden, durch die korrekte Verwendung dieser hochmodernen Ger\u00e4te gef\u00fchrt. Die Spieler k\u00f6nnen so die kombinierte Wirkung von Sauna, Floating und Kryotherapie genie\u00dfen und die Wirkung der alten Gesundheits- und Wohlf\u00fchlformel \u201eW\u00e4rme, Wasser und Ruhe\u201c verst\u00e4rken.<\/p>\n<p><strong>Sportmediziner empfehlen Sportlern, m\u00f6glichst jeden Tag in die Sauna zu gehen<\/strong>. Die Sauna regt die periphere Durchblutung an und wirkt sich positiv auf das zentrale Nervensystem aus, vor allem aber f\u00f6rdert sie eine schnellere Erholung durch den raschen Entsorgung von Giftstoffen und Milchs\u00e4ure. Die<strong> Sauna Infrarot Combi von Starpool <\/strong>im Performance Center ist sowohl mit einem traditionellen Saunaofen als auch mit Infrarot-Strahlern ausgestattet. Ein innovatives duales System, das das Beste aus beiden Saunawelten in einer einzigen Umgebung vereint: Die hohen Temperaturen der klassischen finnischen Sauna, die in der W\u00e4rme einer empfindlicheren Umgebung zu erleben sind, und die lokalisierte W\u00e4rmebehandlung der Infrarotsauna.<\/p>\n<p><img loading=\"lazy\" decoding=\"async\" class=\"wp-image-48002 alignleft\" src=\"https:\/\/static.hcb.net\/a9243ee7cdcd4f3a\/12345\/c\/fit-in\/467x311\/anton-bernard-11.jpg\" alt=\"\" width=\"467\" height=\"311\" data-headline=\"Anton Bernard (11)\" \/><\/p>\n<p><strong>Zerobody <\/strong>ist ein k\u00f6rperliches und geistiges Regenerationssystem, das es dem Athleten erm\u00f6glicht, \u00fcber 500 Liter auf K\u00f6rpertemperatur erw\u00e4rmtem Wasser zu schweben, ohne nass zu werden oder sich auszuziehen. Das <strong>Floating ist eine \u00e4u\u00dferst wirkungsvolle Regenerations- und Entspannungstechnik<\/strong>, die von der Behandlung von Schlaflosigkeit und chronischen Schmerzen \u00fcber die F\u00f6rderung der kognitiven F\u00e4higkeiten bis hin zur k\u00f6rperlichen Erholung bei intensivem Training oder nach einer Verletzung reicht. W\u00e4hrend des Floatings werden bestimmte Bereiche des Gehirns aktiviert, die eine dem Stress entgegengesetzte physiologische Reaktion hervorrufen, was zu einer nachhaltigen Verbesserung der geistigen Leistungsf\u00e4higkeit f\u00fchrt. Dies ist auch den multimedialen Inhalten der Achtsamkeits- und Atemtechniken zu verdanken, die von Starpool in Zusammenarbeit mit Profisportlern und Neurowissenschaftlern entwickelt wurden.<\/p>\n<p>Schlie\u00dflich ist <strong>Kryotherapie<\/strong> ein grundlegender Verb\u00fcndeter f\u00fcr sportliche Leistungen, da sie dem K\u00f6rper Energie zur\u00fcckgibt und gleichzeitig den Muskeltonus erh\u00e4lt. Mit einer Temperatur von ca. -140\u00b0 und einer Verweildauer von ca. zwei Minuten pro Sitzung verk\u00fcrzt sie erheblich die Erholungszeit nach einer Verletzung und hat eine entspannende Wirkung nach dem Training.<\/p>\n<p><img loading=\"lazy\" decoding=\"async\" class=\"aligncenter wp-image-48020\" src=\"https:\/\/static.hcb.net\/a9243ee7cdcd4f3a\/12345\/c\/fit-in\/707x471\/dustin-gazley-8.jpg\" alt=\"\" width=\"707\" height=\"471\" data-headline=\"Dustin Gazley (8)\" \/><\/p>\n","protected":false},"excerpt":{"rendered":"<p>\u00a0 \u00a0 \u00a0 Durch die Zusammenarbeit zwischen HCB S\u00fcdtirol Alperia, Starpool und Dr. Christian Thuile wurde ein fortschrittliches Format geschaffen: es verbindet innovative wissenschaftliche Programme und die modernsten Ger\u00e4te, um die Erholung der Sportler zu verbessern und die Leistung auf dem Spielfeld zu steigern. K\u00f6rperliches und geistiges Wohlbefinden als Grundlage der sportlichen Leistung, Regeneration und [&hellip;]<\/p>\n","protected":false},"author":5,"featured_media":0,"parent":0,"menu_order":0,"comment_status":"closed","ping_status":"closed","template":"","meta":{"_acf_changed":false,"footnotes":""},"class_list":["post-47147","page","type-page","status-publish","hentry"],"acf":[],"_links":{"self":[{"href":"https:\/\/www.hcb.net\/de\/wp-json\/wp\/v2\/pages\/47147","targetHints":{"allow":["GET"]}}],"collection":[{"href":"https:\/\/www.hcb.net\/de\/wp-json\/wp\/v2\/pages"}],"about":[{"href":"https:\/\/www.hcb.net\/de\/wp-json\/wp\/v2\/types\/page"}],"author":[{"embeddable":true,"href":"https:\/\/www.hcb.net\/de\/wp-json\/wp\/v2\/users\/5"}],"replies":[{"embeddable":true,"href":"https:\/\/www.hcb.net\/de\/wp-json\/wp\/v2\/comments?post=47147"}],"version-history":[{"count":7,"href":"https:\/\/www.hcb.net\/de\/wp-json\/wp\/v2\/pages\/47147\/revisions"}],"predecessor-version":[{"id":51633,"href":"https:\/\/www.hcb.net\/de\/wp-json\/wp\/v2\/pages\/47147\/revisions\/51633"}],"wp:attachment":[{"href":"https:\/\/www.hcb.net\/de\/wp-json\/wp\/v2\/media?parent=47147"}],"curies":[{"name":"wp","href":"https:\/\/api.w.org\/{rel}","templated":true}]}}