{"id":41270,"date":"2019-11-29T10:42:48","date_gmt":"2019-11-29T09:42:48","guid":{"rendered":"https:\/\/www.hcb.net\/product\/dvd-hockeytown-de\/"},"modified":"2023-11-12T09:34:42","modified_gmt":"2023-11-12T08:34:42","slug":"dvd-hockeytown-de","status":"publish","type":"product","link":"https:\/\/www.hcb.net\/de\/produkt\/dvd-hockeytown-de\/","title":{"rendered":"DVD &#8222;Hockeytown&#8220;"},"content":{"rendered":"","protected":false},"excerpt":{"rendered":"<p>Nach dem gro\u00dfen Erfolg bei den Kinovorf\u00fchrungen im Sp\u00e4tfr\u00fchjahr ist \u201eHockeytown\u201d, der Dokumentarfilm von 90 Minuten des Bozner Schriftstellers Daniele Rielli \u00fcber die au\u00dferordentliche Saison 2017\/18, nun endlich auch als DVD verf\u00fcgbar.<\/p>\n<p>Sprache: Italienisch<\/p>\n","protected":false},"featured_media":50851,"comment_status":"closed","ping_status":"closed","template":"","meta":{"_acf_changed":false},"product_brand":[],"product_cat":[53],"product_tag":[],"class_list":{"0":"post-41270","1":"product","2":"type-product","3":"status-publish","4":"has-post-thumbnail","6":"product_cat-gadgets-de","8":"first","9":"instock","10":"taxable","11":"shipping-taxable","12":"purchasable","13":"product-type-simple"},"acf":[],"_links":{"self":[{"href":"https:\/\/www.hcb.net\/de\/wp-json\/wp\/v2\/product\/41270","targetHints":{"allow":["GET"]}}],"collection":[{"href":"https:\/\/www.hcb.net\/de\/wp-json\/wp\/v2\/product"}],"about":[{"href":"https:\/\/www.hcb.net\/de\/wp-json\/wp\/v2\/types\/product"}],"replies":[{"embeddable":true,"href":"https:\/\/www.hcb.net\/de\/wp-json\/wp\/v2\/comments?post=41270"}],"wp:featuredmedia":[{"embeddable":true,"href":"https:\/\/www.hcb.net\/de\/wp-json\/wp\/v2\/media\/50851"}],"wp:attachment":[{"href":"https:\/\/www.hcb.net\/de\/wp-json\/wp\/v2\/media?parent=41270"}],"wp:term":[{"taxonomy":"product_brand","embeddable":true,"href":"https:\/\/www.hcb.net\/de\/wp-json\/wp\/v2\/product_brand?post=41270"},{"taxonomy":"product_cat","embeddable":true,"href":"https:\/\/www.hcb.net\/de\/wp-json\/wp\/v2\/product_cat?post=41270"},{"taxonomy":"product_tag","embeddable":true,"href":"https:\/\/www.hcb.net\/de\/wp-json\/wp\/v2\/product_tag?post=41270"}],"curies":[{"name":"wp","href":"https:\/\/api.w.org\/{rel}","templated":true}]}}