{"id":478585,"date":"2023-12-28T11:42:25","date_gmt":"2023-12-28T10:42:25","guid":{"rendered":"https:\/\/www.hcb.net\/product\/schlusselhanger-torhuter\/"},"modified":"2025-12-14T20:08:06","modified_gmt":"2025-12-14T19:08:06","slug":"schlusselhanger-torhuter","status":"publish","type":"product","link":"https:\/\/www.hcb.net\/de\/produkt\/schlusselhanger-torhuter\/","title":{"rendered":"Schl\u00fcsselanh\u00e4nger &#8211; Torh\u00fcter"},"content":{"rendered":"","protected":false},"excerpt":{"rendered":"","protected":false},"featured_media":478584,"comment_status":"closed","ping_status":"closed","template":"","meta":{"_acf_changed":false},"product_brand":[],"product_cat":[53],"product_tag":[],"class_list":{"0":"post-478585","1":"product","2":"type-product","3":"status-publish","4":"has-post-thumbnail","6":"product_cat-gadgets-de","8":"first","9":"instock","10":"taxable","11":"shipping-taxable","12":"purchasable","13":"product-type-simple"},"acf":[],"_links":{"self":[{"href":"https:\/\/www.hcb.net\/de\/wp-json\/wp\/v2\/product\/478585","targetHints":{"allow":["GET"]}}],"collection":[{"href":"https:\/\/www.hcb.net\/de\/wp-json\/wp\/v2\/product"}],"about":[{"href":"https:\/\/www.hcb.net\/de\/wp-json\/wp\/v2\/types\/product"}],"replies":[{"embeddable":true,"href":"https:\/\/www.hcb.net\/de\/wp-json\/wp\/v2\/comments?post=478585"}],"wp:featuredmedia":[{"embeddable":true,"href":"https:\/\/www.hcb.net\/de\/wp-json\/wp\/v2\/media\/478584"}],"wp:attachment":[{"href":"https:\/\/www.hcb.net\/de\/wp-json\/wp\/v2\/media?parent=478585"}],"wp:term":[{"taxonomy":"product_brand","embeddable":true,"href":"https:\/\/www.hcb.net\/de\/wp-json\/wp\/v2\/product_brand?post=478585"},{"taxonomy":"product_cat","embeddable":true,"href":"https:\/\/www.hcb.net\/de\/wp-json\/wp\/v2\/product_cat?post=478585"},{"taxonomy":"product_tag","embeddable":true,"href":"https:\/\/www.hcb.net\/de\/wp-json\/wp\/v2\/product_tag?post=478585"}],"curies":[{"name":"wp","href":"https:\/\/api.w.org\/{rel}","templated":true}]}}