{"id":11131,"date":"2016-12-27T11:18:56","date_gmt":"2016-12-27T11:18:56","guid":{"rendered":"http:\/\/www.hcb.net\/?page_id=11131\/"},"modified":"2017-12-20T10:16:51","modified_gmt":"2017-12-20T09:16:51","slug":"corsi-di-pattinaggio","status":"publish","type":"page","link":"https:\/\/www.hcb.net\/it\/hcb-junior\/corsi-di-pattinaggio\/","title":{"rendered":"Corsi di pattinaggio"},"content":{"rendered":"<p>L&#8217;hockey su ghiaccio \u00e9 una considerato lo sport di squadra pi\u00f9 veloce ed entusiasmante in assoluto. Oltre cento ragazzi dell et\u00e1 compresa tra i 5 ed i 20 anni partecipano all&#8217;attivit\u00e0 del settore giovanile dei Foxes, cimentandosi nei vari campionati e tornei.<\/p>\n<p>Come societ\u00e0 sportiva abbiamo molto a cuore lo sviluppo del settore giovanile ed ogni anno organizziamo diversi corsi di pattinaggio, dove i partecipanti apprendono le fondamenta del pattinaggio su ghiaccio.<\/p>\n<p>Se vuoi provare a pattinare o giocare a hockey, non esitare a contattarci! Troverai nuovi amici con cui praticare questa disciplina, sempre all&#8217;insegna del divertimento. Interessato?<\/p>\n<p>Scrivi ad\u00a0<span id=\"cloakea1d066751d6f3ca99dd41422f7bfed8\"><a href=\"mailto:office@hcb-junior.it\">office@hcb-junior.it<\/a><\/span><\/p>\n<div id='gallery-1' class='gallery galleryid-11131 gallery-columns-2 gallery-size-thumbnail'><figure class='gallery-item'>\n\t\t\t<div class='gallery-icon landscape'>\n\t\t\t\t<a href='https:\/\/www.hcb.net\/a9243ee7cdcd4f3a\/11132\/c\/fit-in\/0x0\/filters:no_upscale()\/filters:strip_exif()\/dsc_0010_1205x800.jpg'><img loading=\"lazy\" decoding=\"async\" width=\"480\" height=\"320\" src=\"https:\/\/www.hcb.net\/a9243ee7cdcd4f3a\/11132\/c\/480x320\/filters:no_upscale()\/filters:strip_exif()\/dsc_0010_1205x800.jpg\" class=\"attachment-thumbnail size-thumbnail\" alt=\"\" data-copyright=\"\" data-headline=\"DSC_0010_1205x800\" data-description=\"\" \/><\/a>\n\t\t\t<\/div><\/figure><figure class='gallery-item'>\n\t\t\t<div class='gallery-icon landscape'>\n\t\t\t\t<a href='https:\/\/www.hcb.net\/a9243ee7cdcd4f3a\/11134\/c\/fit-in\/0x0\/filters:no_upscale()\/filters:strip_exif()\/dsc_0229_1205x800.jpg'><img loading=\"lazy\" decoding=\"async\" width=\"480\" height=\"320\" src=\"https:\/\/www.hcb.net\/a9243ee7cdcd4f3a\/11134\/c\/480x320\/filters:no_upscale()\/filters:strip_exif()\/dsc_0229_1205x800.jpg\" class=\"attachment-thumbnail size-thumbnail\" alt=\"\" data-copyright=\"\" data-headline=\"DSC_0229_1205x800\" data-description=\"\" \/><\/a>\n\t\t\t<\/div><\/figure><figure class='gallery-item'>\n\t\t\t<div class='gallery-icon landscape'>\n\t\t\t\t<a href='https:\/\/www.hcb.net\/a9243ee7cdcd4f3a\/11136\/c\/fit-in\/0x0\/filters:no_upscale()\/filters:strip_exif()\/dsc_0234_1205x800.jpg'><img loading=\"lazy\" decoding=\"async\" width=\"480\" height=\"320\" src=\"https:\/\/www.hcb.net\/a9243ee7cdcd4f3a\/11136\/c\/480x320\/filters:no_upscale()\/filters:strip_exif()\/dsc_0234_1205x800.jpg\" class=\"attachment-thumbnail size-thumbnail\" alt=\"\" data-copyright=\"\" data-headline=\"DSC_0234_1205x800\" data-description=\"\" \/><\/a>\n\t\t\t<\/div><\/figure><figure class='gallery-item'>\n\t\t\t<div class='gallery-icon landscape'>\n\t\t\t\t<a href='https:\/\/www.hcb.net\/a9243ee7cdcd4f3a\/11138\/c\/fit-in\/0x0\/filters:no_upscale()\/filters:strip_exif()\/dsc_0243_1205x800.jpg'><img loading=\"lazy\" decoding=\"async\" width=\"480\" height=\"320\" src=\"https:\/\/www.hcb.net\/a9243ee7cdcd4f3a\/11138\/c\/480x320\/filters:no_upscale()\/filters:strip_exif()\/dsc_0243_1205x800.jpg\" class=\"attachment-thumbnail size-thumbnail\" alt=\"\" data-copyright=\"\" data-headline=\"DSC_0243_1205x800\" data-description=\"\" \/><\/a>\n\t\t\t<\/div><\/figure>\n\t\t<\/div>\n\n","protected":false},"excerpt":{"rendered":"<p>L&#8217;hockey su ghiaccio \u00e9 una considerato lo sport di squadra pi\u00f9 veloce ed entusiasmante in assoluto. Oltre cento ragazzi dell et\u00e1 compresa tra i 5 ed i 20 anni partecipano all&#8217;attivit\u00e0 del settore giovanile dei Foxes, cimentandosi nei vari campionati e tornei. Come societ\u00e0 sportiva abbiamo molto a cuore lo sviluppo del settore giovanile ed [&hellip;]<\/p>\n","protected":false},"author":5,"featured_media":0,"parent":11142,"menu_order":0,"comment_status":"closed","ping_status":"closed","template":"","meta":{"_acf_changed":false,"footnotes":""},"class_list":["post-11131","page","type-page","status-publish","hentry"],"acf":[],"_links":{"self":[{"href":"https:\/\/www.hcb.net\/it\/wp-json\/wp\/v2\/pages\/11131","targetHints":{"allow":["GET"]}}],"collection":[{"href":"https:\/\/www.hcb.net\/it\/wp-json\/wp\/v2\/pages"}],"about":[{"href":"https:\/\/www.hcb.net\/it\/wp-json\/wp\/v2\/types\/page"}],"author":[{"embeddable":true,"href":"https:\/\/www.hcb.net\/it\/wp-json\/wp\/v2\/users\/5"}],"replies":[{"embeddable":true,"href":"https:\/\/www.hcb.net\/it\/wp-json\/wp\/v2\/comments?post=11131"}],"version-history":[{"count":3,"href":"https:\/\/www.hcb.net\/it\/wp-json\/wp\/v2\/pages\/11131\/revisions"}],"predecessor-version":[{"id":17877,"href":"https:\/\/www.hcb.net\/it\/wp-json\/wp\/v2\/pages\/11131\/revisions\/17877"}],"up":[{"embeddable":true,"href":"https:\/\/www.hcb.net\/it\/wp-json\/wp\/v2\/pages\/11142"}],"wp:attachment":[{"href":"https:\/\/www.hcb.net\/it\/wp-json\/wp\/v2\/media?parent=11131"}],"curies":[{"name":"wp","href":"https:\/\/api.w.org\/{rel}","templated":true}]}}