{"id":231,"date":"2016-12-15T08:55:42","date_gmt":"2016-12-15T08:55:42","guid":{"rendered":"http:\/\/www.hcb.net\/?page_id=231\/"},"modified":"2026-03-08T20:16:53","modified_gmt":"2026-03-08T19:16:53","slug":"biglietti-abo","status":"publish","type":"page","link":"https:\/\/www.hcb.net\/it\/biglietti-abo\/","title":{"rendered":"Prezzi biglietti giornalieri &amp; abo stagione 2025\/26"},"content":{"rendered":"<h2 style=\"text-align: center;\"><strong>Prezzi giornalieri &amp; ABO HCB Alto Adige Alperia stagione 2025\/26<\/strong><\/h2>\n<h2><span style=\"color: #ff0000;\">Quarti di finale playoffs 2026<\/span><\/h2>\n<table width=\"354\">\n<tbody>\n<tr>\n<td width=\"253\"><strong>Settore<\/strong><\/td>\n<td width=\"101\"><strong>\u00a0<\/strong><\/td>\n<\/tr>\n<tr>\n<td width=\"253\">A\/C laterale + G\/E intero<\/td>\n<td style=\"text-align: left;\" width=\"101\">36<\/td>\n<\/tr>\n<tr>\n<td width=\"253\">A\/C laterale + G\/E ridotto Senior 70+<\/td>\n<td width=\"101\">34<\/td>\n<\/tr>\n<tr>\n<td width=\"253\">A\/C laterale + G\/E Studente (19-25)<\/td>\n<td width=\"101\">18<\/td>\n<\/tr>\n<tr>\n<td width=\"253\">A\/C laterale + G\/E Teenager (16-18)<\/td>\n<td width=\"101\">18<\/td>\n<\/tr>\n<tr>\n<td width=\"253\">A\/C laterale + G\/E KID (6-15)<\/td>\n<td width=\"101\">18<\/td>\n<\/tr>\n<tr>\n<td width=\"253\">D\/H + B\/F intero<\/td>\n<td width=\"101\">27<\/td>\n<\/tr>\n<tr>\n<td width=\"253\">D\/H + B\/F ridotto Senior 70+<\/td>\n<td width=\"101\">25<\/td>\n<\/tr>\n<tr>\n<td width=\"253\">D\/H +B\/F Studente (19-25)<\/td>\n<td width=\"101\">14<\/td>\n<\/tr>\n<tr>\n<td width=\"253\">D\/H +B\/F Teenager (16-18)<\/td>\n<td width=\"101\">14<\/td>\n<\/tr>\n<tr>\n<td width=\"253\">D\/H +B\/F KID (6-15)<\/td>\n<td width=\"101\">14<\/td>\n<\/tr>\n<tr>\n<td width=\"253\">A Premium c\/parcheggio<\/td>\n<td width=\"101\">58<\/td>\n<\/tr>\n<tr>\n<td width=\"253\">C Premium<\/td>\n<td width=\"101\">48<\/td>\n<\/tr>\n<tr>\n<td width=\"253\">C Premium ridotto \u2013 Studenti (16-25) e Senior 70+<\/td>\n<td width=\"101\">46<\/td>\n<\/tr>\n<tr>\n<td width=\"253\">C Premium KID (6-15)<\/td>\n<td width=\"101\">24<\/td>\n<\/tr>\n<tr>\n<td width=\"253\">Bambini 0-5<\/td>\n<td width=\"101\">1<\/td>\n<\/tr>\n<tr>\n<td width=\"253\">Disabili<\/td>\n<td width=\"101\">1<\/td>\n<\/tr>\n<\/tbody>\n<\/table>\n<p>Gara 1 \u2013 Marted\u00ec 10 marzo, ore 19:45 (Sparkasse Arena, Bolzano)<br \/>\nGara 2 \u2013 Gioved\u00ec 12 marzo, ore 19:15 (Hala Tivoli, Ljubljana)<br \/>\nGara 3 \u2013 Sabato 14 marzo, ore 19:45 (Sparkasse Arena, Bolzano)<br \/>\nGara 4 \u2013 Marted\u00ec 17 marzo, ore 19:15 (Hala Tivoli, Ljubljana)<br \/>\n<em>se necessarie<br \/>\n<\/em>Gara 5 \u2013 Gioved\u00ec 19 marzo, ore 19:45 (Sparkasse Arena, Bolzano)<br \/>\nGara 6 \u2013 Sabato 21 marzo, ore 19:15 (Hala Tivoli, Ljubljana)<br \/>\nGara 7 \u2013 Mercoled\u00ec 25 marzo, ore 19:45 (Sparkasse Arena, Bolzano)<\/p>\n<p><strong><br \/>\n<\/strong>I tagliandi delle partite casalinghe saranno venduti come segue.<\/p>\n<p><strong>Gara 1<\/strong><\/p>\n<ul>\n<li>Luned\u00ec 9 marzo, dalle ore 13:00: partenza vendita online (che proseguir\u00e0 fino a inizio partita)<\/li>\n<li>Luned\u00ec 9 marzo: dalle 16:00 alle 18:00 (casse stadio)<\/li>\n<li>Marted\u00ec 10 marzo: dalle 13:00 alle 14:30 e dalle 17:45 in poi presso le casse<\/li>\n<\/ul>\n<p><strong>Gara 3<\/strong><\/p>\n<ul>\n<li>Mercoled\u00ec 11 marzo dalle ore 10:00: partenza vendita online (che proseguir\u00e0 fino a inizio partita)<\/li>\n<li>Venerd\u00ec 13 marzo: dalle 16:00 alle 18:00 (casse stadio)<\/li>\n<li>Sabato 14 marzo: dalle 13:00 alle 14:30 e dalle 17:45 (casse stadio)<\/li>\n<\/ul>\n<p><strong>Link per il ticketing online: <\/strong><a href=\"https:\/\/www.midaticket.it\/eventi\/hockey-club-bolzano\">https:\/\/www.midaticket.it\/eventi\/hockey-club-bolzano<\/a><\/p>\n<p><strong>\u00a0<\/strong><\/p>\n<p><strong>Informazioni importanti<br \/>\n<\/strong>Si ricorda che tutte le partite di playoffs sono <strong>COMPRESE <\/strong>nell\u2019<strong>ABO FULL<\/strong>, non \u00e8 quindi necessario comprare o ritirare alcun biglietto aggiuntivo. Chi invece ha sottoscritto un <strong>ABO BASE<\/strong>, avr\u00e0 diritto di prelazione sul proprio posto fino a 24 ore prima dell\u2019inizio della partita e potr\u00e0 acquistare il proprio biglietto in prevendita oppure online semplicemente inserendo il CODPR del proprio ABO nel campo apposito. Non sono previste scontistiche sul prezzo del biglietto per i possessori di un ABO BASE.<\/p>\n<p>&nbsp;<\/p>\n<h2><span style=\"color: #ff0000;\"><strong>Biglietti giornalieri Regular Season ICE Hockey League 2025\/26<\/strong><\/span><\/h2>\n<table width=\"354\">\n<tbody>\n<tr>\n<td width=\"253\"><strong>Settore<\/strong><\/td>\n<td width=\"101\"><strong>\u00a0<\/strong><\/td>\n<\/tr>\n<tr>\n<td width=\"253\">A\/C laterale + G\/E intero<\/td>\n<td width=\"101\">\u00a0\u00a0\u00a0\u00a0\u00a0\u00a0\u00a0\u00a0 27<\/td>\n<\/tr>\n<tr>\n<td width=\"253\">A\/C laterale + G\/E ridotto Senior 70+<\/td>\n<td width=\"101\">25<\/td>\n<\/tr>\n<tr>\n<td width=\"253\">A\/C laterale + G\/E Studente (19-25)<\/td>\n<td width=\"101\">14<\/td>\n<\/tr>\n<tr>\n<td width=\"253\">A\/C laterale + G\/E Teenager (16-18)<\/td>\n<td width=\"101\">14<\/td>\n<\/tr>\n<tr>\n<td width=\"253\">A\/C laterale + G\/E KID (6-15)<\/td>\n<td width=\"101\">14<\/td>\n<\/tr>\n<tr>\n<td width=\"253\">D\/H + B\/F intero<\/td>\n<td width=\"101\">21<\/td>\n<\/tr>\n<tr>\n<td width=\"253\">D\/H + B\/F ridotto Senior 70+<\/td>\n<td width=\"101\">19<\/td>\n<\/tr>\n<tr>\n<td width=\"253\">D\/H +B\/F Studente (19-25)<\/td>\n<td width=\"101\">12<\/td>\n<\/tr>\n<tr>\n<td width=\"253\">D\/H +B\/F Teenager (16-18)<\/td>\n<td width=\"101\">12<\/td>\n<\/tr>\n<tr>\n<td width=\"253\">D\/H +B\/F KID (6-15)<\/td>\n<td width=\"101\">12<\/td>\n<\/tr>\n<tr>\n<td width=\"253\">A Premium c\/parcheggio<\/td>\n<td width=\"101\">44<\/td>\n<\/tr>\n<tr>\n<td width=\"253\">C Premium<\/td>\n<td width=\"101\">37<\/td>\n<\/tr>\n<tr>\n<td width=\"253\">C Premium ridotto \u2013 Studenti (16-25) e Senior 70+<\/td>\n<td width=\"101\">35<\/td>\n<\/tr>\n<tr>\n<td width=\"253\">C Premium KID (6-15)<\/td>\n<td width=\"101\">19<\/td>\n<\/tr>\n<tr>\n<td width=\"253\">Bambini 0-5<\/td>\n<td width=\"101\">1<\/td>\n<\/tr>\n<tr>\n<td width=\"253\">Disabili<\/td>\n<td width=\"101\">1<\/td>\n<\/tr>\n<\/tbody>\n<\/table>\n<p>I biglietti giornalieri saranno acquistabili online, fino all\u2019inizio della partita. La stampa del biglietto non \u00e8 obbligatoria: i lettori leggono il codice a barre anche dallo smartphone.<\/p>\n<p>I biglietti potranno essere acquistati normalmente anche alle casse dello stadio il giorno della partita e in ufficio il giorno prima della partita: gli orari verranno comunicati di volta in volta.<\/p>\n<p>&nbsp;<\/p>\n<h2><span style=\"color: #ff0000;\"><strong>Abbonamenti 2025\/26<\/strong><\/span><\/h2>\n<p><strong>ATTENZIONE: \u00e8 possibile sottoscrivere un abbonamento entro e non oltre il 30.10.2025\u00a0<\/strong><\/p>\n<table width=\"586\">\n<tbody>\n<tr>\n<td width=\"274\"><strong>Sektor\/Settore<\/strong><\/td>\n<td width=\"55\"><strong>BASE<\/strong><\/td>\n<td width=\"108\"><strong>Rate<\/strong><\/td>\n<td width=\"60\"><strong>FULL<\/strong><\/td>\n<td width=\"89\"><strong>Rate<\/strong><\/td>\n<\/tr>\n<tr>\n<td width=\"274\">A\/C laterale intero<\/td>\n<td width=\"55\"><strong>480<\/strong><\/td>\n<td width=\"108\">280+200<\/td>\n<td width=\"60\"><strong>624<\/strong><\/td>\n<td width=\"89\">360+264<\/td>\n<\/tr>\n<tr>\n<td width=\"274\">A\/C laterale ridotto Senior 70+<\/td>\n<td width=\"55\"><strong>460<\/strong><\/td>\n<td width=\"108\">260+200<\/td>\n<td width=\"60\"><strong>600<\/strong><\/td>\n<td width=\"89\">350+250<\/td>\n<\/tr>\n<tr>\n<td width=\"274\">A\/C laterale Students (19-25)<\/td>\n<td width=\"55\"><strong>240<\/strong><\/td>\n<td width=\"108\">140+100<\/td>\n<td width=\"60\"><strong>330<\/strong><\/td>\n<td width=\"89\">180+150<\/td>\n<\/tr>\n<tr>\n<td width=\"274\">A\/C laterale Teenager (16-18)<\/td>\n<td width=\"55\"><strong>240<\/strong><\/td>\n<td width=\"108\">140+100<\/td>\n<td width=\"60\"><strong>330<\/strong><\/td>\n<td width=\"89\">180+150<\/td>\n<\/tr>\n<tr>\n<td width=\"274\">A\/C laterale KID (6-15)<\/td>\n<td width=\"55\"><strong>240<\/strong><\/td>\n<td width=\"108\">140+100<\/td>\n<td width=\"60\"><strong>330<\/strong><\/td>\n<td width=\"89\">180+150<\/td>\n<\/tr>\n<tr>\n<td width=\"274\">D\/H intero<\/td>\n<td width=\"55\"><strong>380<\/strong><\/td>\n<td width=\"108\">230+150<\/td>\n<td width=\"60\"><strong>480<\/strong><\/td>\n<td width=\"89\">280+200<\/td>\n<\/tr>\n<tr>\n<td width=\"274\">D\/H ridotto Senior 70+<\/td>\n<td width=\"55\"><strong>360<\/strong><\/td>\n<td width=\"108\">240+120<\/td>\n<td width=\"60\"><strong>460<\/strong><\/td>\n<td width=\"89\">260+200<\/td>\n<\/tr>\n<tr>\n<td width=\"274\">D\/H Studente (19-25)<\/td>\n<td width=\"55\"><strong>190<\/strong><\/td>\n<td width=\"108\">100+90<\/td>\n<td width=\"60\"><strong>240<\/strong><\/td>\n<td width=\"89\">140+100<\/td>\n<\/tr>\n<tr>\n<td width=\"274\">D\/H Teenager (16-18)<\/td>\n<td width=\"55\"><strong>190<\/strong><\/td>\n<td width=\"108\">100+90<\/td>\n<td width=\"60\"><strong>240<\/strong><\/td>\n<td width=\"89\">140+100<\/td>\n<\/tr>\n<tr>\n<td width=\"274\">D\/H KID (6-15)<\/td>\n<td width=\"55\"><strong>190<\/strong><\/td>\n<td width=\"108\">100+90<\/td>\n<td width=\"60\"><strong>240<\/strong><\/td>\n<td width=\"89\">140+100<\/td>\n<\/tr>\n<tr>\n<td width=\"274\">A Premium +. parcheggio<\/td>\n<td width=\"55\"><strong>920<\/strong><\/td>\n<td width=\"108\">550+370<\/td>\n<td width=\"60\"><strong>1190<\/strong><\/td>\n<td width=\"89\">700+490<\/td>\n<\/tr>\n<tr>\n<td width=\"274\">C Premium<\/td>\n<td width=\"55\"><strong>770<\/strong><\/td>\n<td width=\"108\">450+320<\/td>\n<td width=\"60\"><strong>990<\/strong><\/td>\n<td width=\"89\">550+440<\/td>\n<\/tr>\n<tr>\n<td width=\"274\">C Premium ridotto \u2013 Studenti (16-25) e Senior 70+<\/td>\n<td width=\"55\"><strong>750<\/strong><\/td>\n<td width=\"108\">400+350<\/td>\n<td width=\"60\"><strong>970<\/strong><\/td>\n<td width=\"89\">540+430<\/td>\n<\/tr>\n<tr>\n<td width=\"274\">C Premium KID (6-15)<\/td>\n<td width=\"55\"><strong>385<\/strong><\/td>\n<td width=\"108\">280+105<\/td>\n<td width=\"60\"><strong>450<\/strong><\/td>\n<td width=\"89\">250+200<\/td>\n<\/tr>\n<tr>\n<td width=\"274\">Bambini 0-5, Disabili min. 75%<\/td>\n<td width=\"55\"><strong>\u00a0<\/strong><\/p>\n<p><strong>\u00a0<\/strong><\/td>\n<td width=\"108\"><\/td>\n<td width=\"60\"><strong>44<\/strong><\/td>\n<td width=\"89\"><em>\u00a0<\/em><\/td>\n<\/tr>\n<\/tbody>\n<\/table>\n<p>&nbsp;<\/p>\n<p><strong>Prelazione per gli abbonati della stagione 2024\/25<br \/>\n<\/strong>La vendita inizier\u00e0 marted\u00ec 15 luglio 2025 e gli abbonati della stagione precedente avranno diritto di prelazione sul proprio posto fino a venerd\u00ec 25 luglio.<\/p>\n<p><strong>Per gli abbonati FULL e INTERI<\/strong> ci sar\u00e0 inoltre la possibilit\u00e0 di pagare e prenotare il posto online versando un bonifico all\u2019IBAN <strong>IT 57 K 06045 11616 000 002 045 000<\/strong> e compilando il <strong>modulo online<\/strong> nella sezione \u201cOrdine abbonamento HCB 2025\/26\u201d. Il bonifico deve essere effettuato <strong>entro e non oltre mercoled\u00ec 23 luglio alle ore 12:00<\/strong>. Le tessere potranno poi essere ritirate in orario di ufficio. <strong>Una volta inviato il modulo, seguir\u00e0 una conferma entro una giornata lavorativa.<\/strong><\/p>\n<p>&nbsp;<\/p>\n<p><strong>Avvisi:<\/strong><\/p>\n<ul>\n<li>Nell\u2019 ABO BASE sono incluse le partite in casa dell\u2019HCB Alto Adige Alperia: ICE Hockey League Regular season 2025\/26, + eventuali pre-playoffs + le tre partite della regular season di Champions Hockey League + 4 partite del S\u00fcdtirol Summer Classic + l\u2019amichevole a Corvara<\/li>\n<li>Nell\u2019 ABO FULL sono incluse tutte le partite in casa dell\u2019HCB Alto Adige Alperia della stagione 2025\/26, amichevole di Corvara e playoffs di ICEHL e di CHL compresi. Qualora l\u2019HCB non dovesse raggiunge i playoffs nelle due competizioni l\u2019abbonato non ha nessun diritto al rimborso<\/li>\n<li>Abbonamenti per disabili con invalidit\u00e0 minima del 75%: eventuali accompagnatori possono usufruire di un abbonamento ridotto solo in casi compatibili (diversamente abili con evidente difficolt\u00e0 di deambulazione), con documentazione da consegnare in ufficio.<\/li>\n<li>Si ricorda che l\u2019abbonato pu\u00f2 occupare <strong>solo ed esclusivamente il suo posto a sedere<\/strong>, non \u00e8 consentito in alcun modo restare in piedi lungo le tribune.<\/li>\n<\/ul>\n<p>&nbsp;<\/p>\n<p><strong>Riduzioni<\/strong><em>. \u00c8 applicabile solo 1 riduzione\/promozione a persona. Per le riduzioni legate all\u2019et\u00e0 il giorno 31\/12\/2025 conta come data decisiva. Gli studenti dai 19 anni ai 25 anni dovranno presentare una tessera universitaria\/scolastica. <\/em><\/p>\n<p><strong>Opzione: Pagamento a rate: <\/strong>pagamento in ufficio in 2 rate, 1\u00b0 rata subito, seconda rata entro il 14\/11\/2025<\/p>\n<p><strong>Playoff per abbonati BASE:<\/strong> durante i playoff gli abbonati BASE hanno il diritto di prelazione sul posto della regular season (fino al giorno precedente la partita).<\/p>\n<p>&nbsp;<\/p>\n<p>Di seguito gli orari nel dettaglio <em>(<\/em>s<em>i chiede gentilmente di presentarsi con il modulo gi\u00e0 compilato (scaricabile in fondo a questa pagina):<\/em><\/p>\n<ul>\n<li>Marted\u00ec 15 luglio<br \/>\ndalle 15:00 alle 19:00<\/li>\n<li>Mercoled\u00ec 16 e gioved\u00ec 17 luglio<br \/>\ndalle 11:00 alle 13:00 e dalle 15:00 alle 19:00<\/li>\n<li>Venerd\u00ec 18 luglio<br \/>\ndalle 11:00 alle 13:00<\/li>\n<li>Sabato 19 luglio<br \/>\ndalle 09:00 alle 12:00<\/li>\n<li>Da luned\u00ec 21 luglio a gioved\u00ec 24 luglio<br \/>\ndalle 16:00 alle 19:00<\/li>\n<li>Venerd\u00ec 25 luglio<br \/>\ndalle 11:00 alle 13:00<br \/>\n<strong><em>fine prelazione abbonati 2024\/25<\/em><\/strong><\/li>\n<li>Da luned\u00ec 28 luglio a gioved\u00ec 31 luglio<br \/>\ndalle 16:00 alle 19:00<\/li>\n<li>Venerd\u00ec 1\u00b0 agosto<br \/>\ndalle 11:00 alle 13:00<\/li>\n<li>Mercoled\u00ec 13 agosto e gioved\u00ec 14 agosto<br \/>\ndalle 16:00 alle 19:00<\/li>\n<li>Da marted\u00ec 19 agosto a gioved\u00ec 21 agosto<br \/>\ndalle 16:00 alle 19:00<\/li>\n<li>Venerd\u00ec 22 agosto<br \/>\ndalle 11:00 alle 13:00<\/li>\n<li>Marted\u00ec 2 settembre e mercoled\u00ec 3 settembre<br \/>\ndalle 16:00 alle 18:30<\/li>\n<li>Mercoled\u00ec 10 settembre<br \/>\ndalle 16:00 alle 18:30<\/li>\n<\/ul>\n<p>La vendita proseguir\u00e0 poi in orario di ufficio.<\/p>\n<p><strong>\u00a0<\/strong><\/p>\n<p><strong>Condizioni generali di vendita:<\/strong><\/p>\n<p>1) Tutti gli abbonamenti dell\u2019HC Bolzano 2000 srl sono nominativi e non trasferibili<\/p>\n<p>2) Per l\u2019applicazione di riduzioni legate all\u2019et\u00e0, si considera come data di riferimento il 31\/12\/2025.<\/p>\n<p>3) Eventuali promozioni abo non sono cumulabili.<\/p>\n<p>4) L\u2019 ABO FULL \u00e8 valido per tutte le partite in casa della stagione 2025\/26 dell\u2019HCB, Playoff di ICEHL e CHL inclusi. Qualora l\u2019HCB non raggiungesse i Playoff, l\u2019abbonato FULL non ha nessun diritto di rimborso.<\/p>\n<p>5) Se gli spettatori a causa di disposizioni nazionali o internazionali ovvero in ossequio a disposizioni delle competenti federazioni non dovessero essere ammessi o ammessi solo in parte alle partite casalinghe, ci\u00f2 non dar\u00e0 diritto ad un rimborso proporzionale.<\/p>\n<p>6) In caso di smarrimento o furto il prezzo dell\u2019abbonamento non \u00e8 rimborsabile.<\/p>\n<p>7) i posti assegnati non possono essere scambiati.<\/p>\n<p>8) l\u2019abbonato pu\u00f2 occupare solo ed esclusivamente dal suo posto a sedere, non \u00e8 consentito in alcun modo restare in piedi lungo le tribune.<\/p>\n<p>9) Durante gli eventi sportivi che si svolgeranno presso lo stadio (sia all\u2019interno che all\u2019esterno, incluse le aree limitrofe), potranno essere effettuate riprese video e fotografiche delle tribune e del pubblico presente, sia da parte dell\u2019organizzazione che da soggetti terzi autorizzati. Tali immagini potranno essere tra l\u2019altro trasmesse in diretta sui maxischermi presenti all\u2019interno dello stadio e\/o utilizzate per finalit\u00e0 informative, promozionali e commerciali, anche attraverso mezzi di comunicazione di massa e canali digitali (siti web, social media, materiali promozionali, ecc.). Con l\u2019acquisto del titolo di ingresso, lo spettatore accetta implicitamente la possibilit\u00e0 di essere ripreso e fotografato e autorizza sin d\u2019ora l\u2019utilizzo gratuito della propria immagine secondo le modalit\u00e0 sopra indicate, senza che ci\u00f2 dia diritto ad alcun compenso o pretesa di qualsiasi genere.<\/p>\n<p>10) La violazione di una delle sopra elencate condizioni generali o del regolamento della Sparkasse Arena nonch\u00e9 delle eventuali disposizioni in materia di Covid determina l\u2019immediato ritiro dell\u2019abbonamento da parte dell\u2019HCB, senza diritto di rimborso.<\/p>\n<p>&nbsp;<\/p>\n<p><a href=\"https:\/\/www.hcb.net\/a9243ee7cdcd4f3a\/modulo-abo_202526.pdf\">MODULO ABO_202526<\/a><\/p>\n","protected":false},"excerpt":{"rendered":"<p>Prezzi giornalieri &amp; ABO HCB Alto Adige Alperia stagione 2025\/26 Quarti di finale playoffs 2026 Settore \u00a0 A\/C laterale + G\/E intero 36 A\/C laterale + G\/E ridotto Senior 70+ 34 A\/C laterale + G\/E Studente (19-25) 18 A\/C laterale + G\/E Teenager (16-18) 18 A\/C laterale + G\/E KID (6-15) 18 D\/H + B\/F [&hellip;]<\/p>\n","protected":false},"author":1,"featured_media":232,"parent":0,"menu_order":0,"comment_status":"closed","ping_status":"closed","template":"","meta":{"_acf_changed":false,"footnotes":""},"class_list":["post-231","page","type-page","status-publish","has-post-thumbnail","hentry"],"acf":[],"_links":{"self":[{"href":"https:\/\/www.hcb.net\/it\/wp-json\/wp\/v2\/pages\/231","targetHints":{"allow":["GET"]}}],"collection":[{"href":"https:\/\/www.hcb.net\/it\/wp-json\/wp\/v2\/pages"}],"about":[{"href":"https:\/\/www.hcb.net\/it\/wp-json\/wp\/v2\/types\/page"}],"author":[{"embeddable":true,"href":"https:\/\/www.hcb.net\/it\/wp-json\/wp\/v2\/users\/1"}],"replies":[{"embeddable":true,"href":"https:\/\/www.hcb.net\/it\/wp-json\/wp\/v2\/comments?post=231"}],"version-history":[{"count":95,"href":"https:\/\/www.hcb.net\/it\/wp-json\/wp\/v2\/pages\/231\/revisions"}],"predecessor-version":[{"id":1347423,"href":"https:\/\/www.hcb.net\/it\/wp-json\/wp\/v2\/pages\/231\/revisions\/1347423"}],"wp:featuredmedia":[{"embeddable":true,"href":"https:\/\/www.hcb.net\/it\/wp-json\/wp\/v2\/media\/232"}],"wp:attachment":[{"href":"https:\/\/www.hcb.net\/it\/wp-json\/wp\/v2\/media?parent=231"}],"curies":[{"name":"wp","href":"https:\/\/api.w.org\/{rel}","templated":true}]}}