{"id":47119,"date":"2021-03-18T11:38:45","date_gmt":"2021-03-18T10:38:45","guid":{"rendered":"https:\/\/www.hcb.net\/?page_id=47119"},"modified":"2022-08-23T15:05:40","modified_gmt":"2022-08-23T14:05:40","slug":"performance-center","status":"publish","type":"page","link":"https:\/\/www.hcb.net\/it\/performance-center\/","title":{"rendered":"Performance Center by Starpool"},"content":{"rendered":"<p><img loading=\"lazy\" decoding=\"async\" class=\"wp-image-48717 alignnone\" src=\"https:\/\/static.hcb.net\/a9243ee7cdcd4f3a\/12345\/c\/fit-in\/173x173\/main-logo-1.png\" alt=\"\" width=\"173\" height=\"173\" data-headline=\"main logo-1\" \/>\u00a0 \u00a0 \u00a0 <a href=\"https:\/\/www.starpool.com\/\"><img loading=\"lazy\" decoding=\"async\" class=\"alignnone wp-image-39644\" src=\"https:\/\/static.hcb.net\/a9243ee7cdcd4f3a\/12345\/c\/starpool_logo.jpg\" alt=\"\" width=\"293\" height=\"149\" data-headline=\"Stampa\" \/><\/a><\/p>\n<p><strong>Dalla collaborazione tra HCB Alto Adige Alperia, Starpool e il dottor Christian Thuile, nasce un format all\u2019avanguardia che combina innovativi protocolli scientifici e attrezzature di ultima generazione per migliorare il recupero degli atleti e potenziare le performance in campo.<\/strong><\/p>\n<p><strong>Il benessere psicofisico come base della performance atletica, la rigenerazione e il recupero come fondamenta della prestazione: <\/strong>concetti sempre pi\u00f9 diffusi nell\u2019universo sportivo, di cui \u00e8 convinto sostenitore il team dell\u2019<strong>Hockey Club Bolzano<\/strong>.<\/p>\n<p>L\u2019HCB Alto Adige Alperia si \u00e8 affidato all\u2019esperienza <strong>Starpool<\/strong>, azienda italiana da oltre 45 anni specializzata in wellness design, e alla consulenza del dottor <strong>Christian Thuile<\/strong>, medico-chirurgo specializzato in medicina sportiva e rigenerativa e coordinatore del Medical Team dei Foxes, per la realizzazione del nuovo <strong>Performance Center<\/strong>. Uno spazio di oltre200 metri quadrati all\u2019interno del <strong>Palaonda<\/strong> di Bolzano dove, dopo gare e allenamenti, i giocatori della prima squadra possono <strong>ripristinare i giusti valori fisiologici e biologici<\/strong>, recuperando e, soprattutto, <strong>incrementando le forze<\/strong>.<\/p>\n<p>Ma non solo: il Performance Center aiuta i campioni a <strong>lavorare anche sulla concentrazione mentale<\/strong>, elemento fondamentale per raggiungere ottimi risultati sul ghiaccio.<\/p>\n<p><img loading=\"lazy\" decoding=\"async\" class=\" wp-image-48011 alignright\" src=\"https:\/\/static.hcb.net\/a9243ee7cdcd4f3a\/12345\/c\/fit-in\/408x272\/dan-catenacci-5.jpg\" alt=\"\" width=\"408\" height=\"272\" data-headline=\"Dan Catenacci (5)\" \/><\/p>\n<p>Il Performance Center si configura come un format innovativo dedicato al recupero degli atleti e al potenziamento delle prestazioni: i<strong> benefici tradizionali del<\/strong><\/p>\n<p><strong>wellness<\/strong> \u2013 in particolare quelli originati dalle alte temperature della sauna \u2013 si uniscono alla rigenerazione psicofisica derivata dal <strong>galleggiamento asciutto in assenza di gravit\u00e0<\/strong> e agli effetti della <strong>crioterapia. <\/strong>A guidare gli atleti nel corretto utilizzo di queste attrezzature all\u2019avanguardia, speciali <strong>protocolli scientifici <\/strong>elaborati ad hoc dal dottor Thuile in collaborazione con Starpool. I giocatori possono cos\u00ec godere dell\u2019azione combinata di sauna, galleggiamento e crioterapia, potenziando gli effetti dell\u2019antica formula di salute e benessere \u201ccalore, acqua e riposo\u201d.<\/p>\n<p><strong>I medici sportivi invitano gli atleti a trascorrere del tempo in sauna, se possibile anche ogni giorno<\/strong>. La sauna, infatti, stimola la circolazione periferica e ha effetti benefici sul sistema nervoso centrale, ma soprattutto favorisce un pi\u00f9 rapido recupero sportivo grazie al veloce smaltimento delle tossine e dell&#8217;acido lattico. La <strong>Sauna Infrared Combi di Starpool<\/strong>, all\u2019interno del Performance Center, \u00e8 completa sia di stufa tradizionale sia di lampade infrarossi. Un innovativo doppio sistema che sintetizza il meglio dei due mondi sauna in un unico ambiente: le alte temperature della classica finlandese e il trattamento termico localizzato della infrarossi.<\/p>\n<p><img loading=\"lazy\" decoding=\"async\" class=\"wp-image-48001 alignleft\" src=\"https:\/\/static.hcb.net\/a9243ee7cdcd4f3a\/12345\/c\/fit-in\/467x311\/anton-bernard-11.jpg\" alt=\"\" width=\"467\" height=\"311\" data-headline=\"Anton Bernard (11)\" \/><\/p>\n<p><strong>Zerobody<\/strong> \u00e8 un sistema di rigenerazione psicofisica che permette all\u2019atleta di galleggiare sopra 500 litri di acqua riscaldata a temperatura corporea, senza bagnarsi n\u00e9 spogliarsi. <strong>Il galleggiamento \u00e8 una tecnica di rigenerazione e rilassamento potentissima<\/strong> che abbraccia la cura dell\u2019insonnia e quella dei dolori cronici, il potenziamento cognitivo fino al recupero fisico per chi si allena intensamente o esce da un infortunio. Durante il galleggiamento determinate aree cerebrali si attivano, stimolando una risposta fisiologica opposta allo stress, con un conseguente miglioramento duraturo delle performance mentali; questo anche grazie ai contenuti multimediali di Mindfulness e tecniche di respirazione, realizzate da Starpool in collaborazione con atleti professionisti e neuroscienziati.<\/p>\n<p>La <strong>crioterapia<\/strong>, infine, \u00e8 un alleato fondamentale per la performance sportiva, perch\u00e9 restituisce energia al fisico mantenendo la tonicit\u00e0 muscolare. Con una temperatura di circa -140\u00b0 e una permanenza intorno ai due minuti a sessione, riduce notevolmente i tempi di recupero dall&#8217;infortunio e ha effetti defaticanti per il post allenamento.<\/p>\n<p><img loading=\"lazy\" decoding=\"async\" class=\"aligncenter wp-image-48019\" src=\"https:\/\/static.hcb.net\/a9243ee7cdcd4f3a\/12345\/c\/fit-in\/707x471\/dustin-gazley-8.jpg\" alt=\"\" width=\"707\" height=\"471\" data-headline=\"Dustin Gazley (8)\" \/><\/p>\n","protected":false},"excerpt":{"rendered":"<p>\u00a0 \u00a0 \u00a0 Dalla collaborazione tra HCB Alto Adige Alperia, Starpool e il dottor Christian Thuile, nasce un format all\u2019avanguardia che combina innovativi protocolli scientifici e attrezzature di ultima generazione per migliorare il recupero degli atleti e potenziare le performance in campo. Il benessere psicofisico come base della performance atletica, la rigenerazione e il recupero [&hellip;]<\/p>\n","protected":false},"author":5,"featured_media":0,"parent":0,"menu_order":0,"comment_status":"closed","ping_status":"closed","template":"","meta":{"_acf_changed":false,"footnotes":""},"class_list":["post-47119","page","type-page","status-publish","hentry"],"acf":[],"_links":{"self":[{"href":"https:\/\/www.hcb.net\/it\/wp-json\/wp\/v2\/pages\/47119","targetHints":{"allow":["GET"]}}],"collection":[{"href":"https:\/\/www.hcb.net\/it\/wp-json\/wp\/v2\/pages"}],"about":[{"href":"https:\/\/www.hcb.net\/it\/wp-json\/wp\/v2\/types\/page"}],"author":[{"embeddable":true,"href":"https:\/\/www.hcb.net\/it\/wp-json\/wp\/v2\/users\/5"}],"replies":[{"embeddable":true,"href":"https:\/\/www.hcb.net\/it\/wp-json\/wp\/v2\/comments?post=47119"}],"version-history":[{"count":8,"href":"https:\/\/www.hcb.net\/it\/wp-json\/wp\/v2\/pages\/47119\/revisions"}],"predecessor-version":[{"id":51631,"href":"https:\/\/www.hcb.net\/it\/wp-json\/wp\/v2\/pages\/47119\/revisions\/51631"}],"wp:attachment":[{"href":"https:\/\/www.hcb.net\/it\/wp-json\/wp\/v2\/media?parent=47119"}],"curies":[{"name":"wp","href":"https:\/\/api.w.org\/{rel}","templated":true}]}}