{"id":76,"date":"2016-12-15T08:29:30","date_gmt":"2016-12-15T08:29:30","guid":{"rendered":"http:\/\/www.hcb.net\/?page_id=76\/"},"modified":"2024-06-12T08:37:10","modified_gmt":"2024-06-12T07:37:10","slug":"il-nostro-stadio","status":"publish","type":"page","link":"https:\/\/www.hcb.net\/it\/societa\/il-nostro-stadio\/","title":{"rendered":"Il nostro stadio &#8211; La Sparkasse Arena"},"content":{"rendered":"<p>L&#8217;Hockey Club Bolzano disputa le partite casalinghe alla Sparkasse Arena di Bolzano. Il fu &#8220;Palaonda&#8221; \u00e8 stato costruito in occasione dei mondiali del 1994 ed \u00e8 uno degli stadi pi\u00f9 moderni e funzionali dell&#8217;arco alpino. Aprendo tutti i settori dello stadio, la Sparkasse Arena offre 6.853 posti a sedere.<\/p>\n<p><strong>L&#8217;indirizzo:<\/strong><br \/>\nSparkasse Arena<br \/>\nVia Galvani 34<br \/>\n39100 Bolzano<\/p>\n<p>Pi\u00f9 info sul sito della <a href=\"https:\/\/www.seab.bz.it\/it\/privati\/palaonda-bolzano-0\" target=\"_blank\" rel=\"noopener\">SEAB<\/a><\/p>\n<p>&nbsp;<\/p>\n<p><img loading=\"lazy\" decoding=\"async\" class=\"wp-image-232 aligncenter\" src=\"https:\/\/www.hcb.net\/a9243ee7cdcd4f3a\/232\/c\/480x320\/filters:no_upscale()\/filters:strip_exif()\/stadio-settori.jpg\" alt=\"\" width=\"723\" height=\"482\" data-headline=\"stadio-settori\" \/><\/p>\n","protected":false},"excerpt":{"rendered":"<p>L&#8217;Hockey Club Bolzano disputa le partite casalinghe alla Sparkasse Arena di Bolzano. Il fu &#8220;Palaonda&#8221; \u00e8 stato costruito in occasione dei mondiali del 1994 ed \u00e8 uno degli stadi pi\u00f9 moderni e funzionali dell&#8217;arco alpino. Aprendo tutti i settori dello stadio, la Sparkasse Arena offre 6.853 posti a sedere. L&#8217;indirizzo: Sparkasse Arena Via Galvani 34 [&hellip;]<\/p>\n","protected":false},"author":1,"featured_media":51143,"parent":11144,"menu_order":0,"comment_status":"closed","ping_status":"closed","template":"","meta":{"_acf_changed":false,"footnotes":""},"class_list":["post-76","page","type-page","status-publish","has-post-thumbnail","hentry"],"acf":[],"_links":{"self":[{"href":"https:\/\/www.hcb.net\/it\/wp-json\/wp\/v2\/pages\/76","targetHints":{"allow":["GET"]}}],"collection":[{"href":"https:\/\/www.hcb.net\/it\/wp-json\/wp\/v2\/pages"}],"about":[{"href":"https:\/\/www.hcb.net\/it\/wp-json\/wp\/v2\/types\/page"}],"author":[{"embeddable":true,"href":"https:\/\/www.hcb.net\/it\/wp-json\/wp\/v2\/users\/1"}],"replies":[{"embeddable":true,"href":"https:\/\/www.hcb.net\/it\/wp-json\/wp\/v2\/comments?post=76"}],"version-history":[{"count":16,"href":"https:\/\/www.hcb.net\/it\/wp-json\/wp\/v2\/pages\/76\/revisions"}],"predecessor-version":[{"id":606270,"href":"https:\/\/www.hcb.net\/it\/wp-json\/wp\/v2\/pages\/76\/revisions\/606270"}],"up":[{"embeddable":true,"href":"https:\/\/www.hcb.net\/it\/wp-json\/wp\/v2\/pages\/11144"}],"wp:featuredmedia":[{"embeddable":true,"href":"https:\/\/www.hcb.net\/it\/wp-json\/wp\/v2\/media\/51143"}],"wp:attachment":[{"href":"https:\/\/www.hcb.net\/it\/wp-json\/wp\/v2\/media?parent=76"}],"curies":[{"name":"wp","href":"https:\/\/api.w.org\/{rel}","templated":true}]}}